{"id":707,"date":"2025-03-09T19:34:38","date_gmt":"2025-03-09T19:34:38","guid":{"rendered":"https:\/\/bebeglee.com\/?post_type=product&#038;p=707"},"modified":"2025-11-08T21:58:11","modified_gmt":"2025-11-08T21:58:11","slug":"little-aviator-uclu-erkek-bebek-takimi","status":"publish","type":"product","link":"https:\/\/bebeglee.com\/?product=little-aviator-uclu-erkek-bebek-takimi","title":{"rendered":"Erkek Bebek Tak\u0131m\u0131 &#8211; Little Aviator \u00dc\u00e7l\u00fc"},"content":{"rendered":"<p>Little Aviator \u00dc\u00e7l\u00fc Erkek Bebek Tak\u0131m\u0131 \u2013 K\u00fc\u00e7\u00fck Pilotlar\u0131n \u015e\u0131kl\u0131\u011f\u0131!<\/p>\n<p>Bebe\u011finizin tarz\u0131n\u0131 tamamlayacak \u015f\u0131k ve rahat Little Aviator \u00fc\u00e7l\u00fc erkek bebek tak\u0131m\u0131, k\u00fc\u00e7\u00fck pilotlara hitap eden detaylar\u0131yla dikkat \u00e7ekiyor! Tak\u0131m, u\u00e7u\u015f keyfini miniklerin \u00fczerine ta\u015f\u0131rken, konforu da asla ihmal etmiyor. \u00dczerinde sevimli bir ay\u0131c\u0131k fig\u00fcr\u00fcyle Little Pilot yaz\u0131l\u0131 \u00e7\u0131t\u00e7\u0131tl\u0131 uzun kollu beyaz \u00fcst ve \u00fczerine yerle\u015ftirilmi\u015f keten g\u00f6mlekle m\u00fckemmel uyum sa\u011fl\u0131yor. Ay\u0131c\u0131k ve u\u00e7ak detaylar\u0131, tak\u0131m\u0131n ne\u015fesini art\u0131ran tatl\u0131 bir dokunu\u015f. Pantolon ise mavi, a\u00e7\u0131k bebek mavisi ve beyaz \u00e7izgili keten kuma\u015ftan, \u015f\u0131kl\u0131\u011f\u0131 tamamlayan bej renkte d\u00fc\u011fmeleriyle stilinize zarif bir hava kat\u0131yor.<\/p>\n<p>Tak\u0131m \u0130\u00e7eri\u011fi: \u2714 Beyaz uzun kollu \u00e7\u0131t\u00e7\u0131tl\u0131 \u00fcst \u2013 \u00dczerinde u\u00e7a\u011fa binmi\u015f ay\u0131c\u0131k fig\u00fcr\u00fc ve Little Pilot yaz\u0131s\u0131 ile \u015f\u0131kl\u0131\u011f\u0131 tamamlar.<br \/>\n\u2714 Keten g\u00f6mlek \u2013 \u00dczerinde cep detaylar\u0131nda u\u00e7ak ve ay\u0131c\u0131k fig\u00fcrleri bulunan, rahat ve \u015f\u0131k bir tasar\u0131m.<br \/>\n\u2714 Beyaz \u00e7izgili keten pantolon \u2013 Mavi ve beyaz renklerin uyumunu yans\u0131tan, bej d\u00fc\u011fmeli \u015f\u0131k pantolon.<\/p>\n<p>\u00d6zellikler: \u2728 %100 do\u011fal kuma\u015flar \u2013 Bebe\u011finizin hassas cildine nazik, nefes alabilir ve yumu\u015fak dokular.<br \/>\n\u2728 Kolay giydirme \u2013 \u00c7\u0131t\u00e7\u0131tl\u0131 \u00fcst sayesinde pratik giydirme, rahat kullan\u0131m sa\u011flar.<br \/>\n\u2728 Rahat hareket \u2013 Bebe\u011finizin her ad\u0131m\u0131nda \u00f6zg\u00fcrl\u00fck ve konfor!<br \/>\n\u2728 6-24 ay aras\u0131 bebekler i\u00e7in uygundur.<\/p>\n<p>Bebe\u011finizin stilini u\u00e7uracak Little Aviator tak\u0131m\u0131yla hemen tan\u0131\u015f\u0131n!<\/p>\n<div style=\"width: 216px;\" class=\"wp-video\"><!--[if lt IE 9]><script>document.createElement('video');<\/script><![endif]-->\n<video class=\"wp-video-shortcode\" id=\"video-707-1\" width=\"216\" height=\"384\" preload=\"metadata\" controls=\"controls\"><source type=\"video\/mp4\" src=\"https:\/\/bebeglee.com\/wp-content\/uploads\/2025\/03\/f6-little-aviator.mp4?_=1\" \/><a href=\"https:\/\/bebeglee.com\/wp-content\/uploads\/2025\/03\/f6-little-aviator.mp4\">https:\/\/bebeglee.com\/wp-content\/uploads\/2025\/03\/f6-little-aviator.mp4<\/a><\/video><\/div>\n","protected":false},"excerpt":{"rendered":"<p>Little Aviator \u00dc\u00e7l\u00fc Erkek Bebek Tak\u0131m\u0131 \u2013 K\u00fc\u00e7\u00fck Pilotlar\u0131n \u015e\u0131kl\u0131\u011f\u0131! Bebe\u011finizin tarz\u0131n\u0131 tamamlayacak \u015f\u0131k ve rahat Little Aviator \u00fc\u00e7l\u00fc erkek bebek tak\u0131m\u0131, k\u00fc\u00e7\u00fck pilotlara hitap eden detaylar\u0131yla dikkat \u00e7ekiyor! Tak\u0131m, u\u00e7u\u015f keyfini miniklerin \u00fczerine ta\u015f\u0131rken, konforu da asla ihmal etmiyor. \u00dczerinde sevimli bir ay\u0131c\u0131k fig\u00fcr\u00fcyle Little Pilot yaz\u0131l\u0131 \u00e7\u0131t\u00e7\u0131tl\u0131 uzun kollu beyaz \u00fcst ve \u00fczerine&#8230;<\/p>\n","protected":false},"featured_media":1955,"comment_status":"open","ping_status":"closed","template":"","meta":{"_kad_post_transparent":"default","_kad_post_title":"","_kad_post_layout":"default","_kad_post_sidebar_id":"","_kad_post_content_style":"default","_kad_post_vertical_padding":"default","_kad_post_feature":"","_kad_post_feature_position":"","_kad_post_header":false,"_kad_post_footer":false},"product_brand":[],"product_cat":[116,15,19],"product_tag":[28,56],"class_list":{"0":"post-707","1":"product","2":"type-product","3":"status-publish","4":"has-post-thumbnail","6":"product_cat-erkek-bebek-cocuk","7":"product_cat-genel","8":"product_cat-erkek-bebek","9":"product_tag-erkek-bebek","10":"product_tag-erkek-bebek-takimi","12":"first","13":"instock","14":"shipping-taxable","15":"purchasable","16":"product-type-variable","17":"entry","18":"content-bg","19":"loop-entry"},"yoast_head":"<!-- This site is optimized with the Yoast SEO plugin v26.3 - https:\/\/yoast.com\/wordpress\/plugins\/seo\/ -->\n<title>Erkek Bebek Tak\u0131m\u0131 - Little Aviator \u00dc\u00e7l\u00fc - BEBEGLEE<\/title>\n<meta name=\"robots\" content=\"index, follow, max-snippet:-1, max-image-preview:large, max-video-preview:-1\" \/>\n<link rel=\"canonical\" href=\"https:\/\/bebeglee.com\/?product=little-aviator-uclu-erkek-bebek-takimi\" \/>\n<meta property=\"og:locale\" content=\"tr_TR\" \/>\n<meta property=\"og:type\" content=\"article\" \/>\n<meta property=\"og:title\" content=\"Erkek Bebek Tak\u0131m\u0131 - Little Aviator \u00dc\u00e7l\u00fc - BEBEGLEE\" \/>\n<meta property=\"og:description\" content=\"Little Aviator \u00dc\u00e7l\u00fc Erkek Bebek Tak\u0131m\u0131 \u2013 K\u00fc\u00e7\u00fck Pilotlar\u0131n \u015e\u0131kl\u0131\u011f\u0131! Bebe\u011finizin tarz\u0131n\u0131 tamamlayacak \u015f\u0131k ve rahat Little Aviator \u00fc\u00e7l\u00fc erkek bebek tak\u0131m\u0131, k\u00fc\u00e7\u00fck pilotlara hitap eden detaylar\u0131yla dikkat \u00e7ekiyor! Tak\u0131m, u\u00e7u\u015f keyfini miniklerin \u00fczerine ta\u015f\u0131rken, konforu da asla ihmal etmiyor. \u00dczerinde sevimli bir ay\u0131c\u0131k fig\u00fcr\u00fcyle Little Pilot yaz\u0131l\u0131 \u00e7\u0131t\u00e7\u0131tl\u0131 uzun kollu beyaz \u00fcst ve \u00fczerine...\" \/>\n<meta property=\"og:url\" content=\"https:\/\/bebeglee.com\/?product=little-aviator-uclu-erkek-bebek-takimi\" \/>\n<meta property=\"og:site_name\" content=\"BEBEGLEE\" \/>\n<meta property=\"article:modified_time\" content=\"2025-11-08T21:58:11+00:00\" \/>\n<meta property=\"og:image\" content=\"https:\/\/bebeglee.com\/wp-content\/uploads\/2025\/03\/Adsiz-tasarim-2025-08-30T132856.187-768x1024.png\" \/>\n\t<meta property=\"og:image:width\" content=\"768\" \/>\n\t<meta property=\"og:image:height\" content=\"1024\" \/>\n\t<meta property=\"og:image:type\" content=\"image\/png\" \/>\n<meta name=\"twitter:card\" content=\"summary_large_image\" \/>\n<meta name=\"twitter:label1\" content=\"Tahmini okuma s\u00fcresi\" \/>\n\t<meta name=\"twitter:data1\" content=\"2 dakika\" \/>\n<script type=\"application\/ld+json\" class=\"yoast-schema-graph\">{\"@context\":\"https:\/\/schema.org\",\"@graph\":[{\"@type\":\"WebPage\",\"@id\":\"https:\/\/bebeglee.com\/?product=little-aviator-uclu-erkek-bebek-takimi\",\"url\":\"https:\/\/bebeglee.com\/?product=little-aviator-uclu-erkek-bebek-takimi\",\"name\":\"Erkek Bebek Tak\u0131m\u0131 - Little Aviator \u00dc\u00e7l\u00fc - BEBEGLEE\",\"isPartOf\":{\"@id\":\"https:\/\/bebeglee.com\/#website\"},\"primaryImageOfPage\":{\"@id\":\"https:\/\/bebeglee.com\/?product=little-aviator-uclu-erkek-bebek-takimi#primaryimage\"},\"image\":{\"@id\":\"https:\/\/bebeglee.com\/?product=little-aviator-uclu-erkek-bebek-takimi#primaryimage\"},\"thumbnailUrl\":\"https:\/\/bebeglee.com\/wp-content\/uploads\/2025\/03\/Adsiz-tasarim-2025-08-30T132856.187.png\",\"datePublished\":\"2025-03-09T19:34:38+00:00\",\"dateModified\":\"2025-11-08T21:58:11+00:00\",\"breadcrumb\":{\"@id\":\"https:\/\/bebeglee.com\/?product=little-aviator-uclu-erkek-bebek-takimi#breadcrumb\"},\"inLanguage\":\"tr\",\"potentialAction\":[{\"@type\":\"ReadAction\",\"target\":[\"https:\/\/bebeglee.com\/?product=little-aviator-uclu-erkek-bebek-takimi\"]}]},{\"@type\":\"ImageObject\",\"inLanguage\":\"tr\",\"@id\":\"https:\/\/bebeglee.com\/?product=little-aviator-uclu-erkek-bebek-takimi#primaryimage\",\"url\":\"https:\/\/bebeglee.com\/wp-content\/uploads\/2025\/03\/Adsiz-tasarim-2025-08-30T132856.187.png\",\"contentUrl\":\"https:\/\/bebeglee.com\/wp-content\/uploads\/2025\/03\/Adsiz-tasarim-2025-08-30T132856.187.png\",\"width\":2400,\"height\":3200},{\"@type\":\"BreadcrumbList\",\"@id\":\"https:\/\/bebeglee.com\/?product=little-aviator-uclu-erkek-bebek-takimi#breadcrumb\",\"itemListElement\":[{\"@type\":\"ListItem\",\"position\":1,\"name\":\"Anasayfa\",\"item\":\"https:\/\/bebeglee.com\/\"},{\"@type\":\"ListItem\",\"position\":2,\"name\":\"Ma\u011faza\",\"item\":\"https:\/\/bebeglee.com\/?page_id=6\"},{\"@type\":\"ListItem\",\"position\":3,\"name\":\"Erkek Bebek Tak\u0131m\u0131 &#8211; Little Aviator \u00dc\u00e7l\u00fc\"}]},{\"@type\":\"WebSite\",\"@id\":\"https:\/\/bebeglee.com\/#website\",\"url\":\"https:\/\/bebeglee.com\/\",\"name\":\"BEBEGLEE\",\"description\":\"Miniklerin Mutlulu\u011fu \u0130\u00e7in...\",\"publisher\":{\"@id\":\"https:\/\/bebeglee.com\/#organization\"},\"potentialAction\":[{\"@type\":\"SearchAction\",\"target\":{\"@type\":\"EntryPoint\",\"urlTemplate\":\"https:\/\/bebeglee.com\/?s={search_term_string}\"},\"query-input\":{\"@type\":\"PropertyValueSpecification\",\"valueRequired\":true,\"valueName\":\"search_term_string\"}}],\"inLanguage\":\"tr\"},{\"@type\":\"Organization\",\"@id\":\"https:\/\/bebeglee.com\/#organization\",\"name\":\"BEBEGLEE\",\"url\":\"https:\/\/bebeglee.com\/\",\"logo\":{\"@type\":\"ImageObject\",\"inLanguage\":\"tr\",\"@id\":\"https:\/\/bebeglee.com\/#\/schema\/logo\/image\/\",\"url\":\"https:\/\/bebeglee.com\/wp-content\/uploads\/2025\/11\/cropped-Adsiz-tasarim-2025-11-09T000159.593.png\",\"contentUrl\":\"https:\/\/bebeglee.com\/wp-content\/uploads\/2025\/11\/cropped-Adsiz-tasarim-2025-11-09T000159.593.png\",\"width\":2158,\"height\":2097,\"caption\":\"BEBEGLEE\"},\"image\":{\"@id\":\"https:\/\/bebeglee.com\/#\/schema\/logo\/image\/\"},\"sameAs\":[\"https:\/\/www.trendyol.com\/magaza\/bebeglee-m-1111154?sst=0\",\"https:\/\/www.hepsiburada.com\/magaza\/bebeglee\",\"https:\/\/www.instagram.com\/bebe.glee\/\"]}]}<\/script>\n<!-- \/ Yoast SEO plugin. -->","yoast_head_json":{"title":"Erkek Bebek Tak\u0131m\u0131 - Little Aviator \u00dc\u00e7l\u00fc - BEBEGLEE","robots":{"index":"index","follow":"follow","max-snippet":"max-snippet:-1","max-image-preview":"max-image-preview:large","max-video-preview":"max-video-preview:-1"},"canonical":"https:\/\/bebeglee.com\/?product=little-aviator-uclu-erkek-bebek-takimi","og_locale":"tr_TR","og_type":"article","og_title":"Erkek Bebek Tak\u0131m\u0131 - Little Aviator \u00dc\u00e7l\u00fc - BEBEGLEE","og_description":"Little Aviator \u00dc\u00e7l\u00fc Erkek Bebek Tak\u0131m\u0131 \u2013 K\u00fc\u00e7\u00fck Pilotlar\u0131n \u015e\u0131kl\u0131\u011f\u0131! Bebe\u011finizin tarz\u0131n\u0131 tamamlayacak \u015f\u0131k ve rahat Little Aviator \u00fc\u00e7l\u00fc erkek bebek tak\u0131m\u0131, k\u00fc\u00e7\u00fck pilotlara hitap eden detaylar\u0131yla dikkat \u00e7ekiyor! Tak\u0131m, u\u00e7u\u015f keyfini miniklerin \u00fczerine ta\u015f\u0131rken, konforu da asla ihmal etmiyor. \u00dczerinde sevimli bir ay\u0131c\u0131k fig\u00fcr\u00fcyle Little Pilot yaz\u0131l\u0131 \u00e7\u0131t\u00e7\u0131tl\u0131 uzun kollu beyaz \u00fcst ve \u00fczerine...","og_url":"https:\/\/bebeglee.com\/?product=little-aviator-uclu-erkek-bebek-takimi","og_site_name":"BEBEGLEE","article_modified_time":"2025-11-08T21:58:11+00:00","og_image":[{"width":768,"height":1024,"url":"https:\/\/bebeglee.com\/wp-content\/uploads\/2025\/03\/Adsiz-tasarim-2025-08-30T132856.187-768x1024.png","type":"image\/png"}],"twitter_card":"summary_large_image","twitter_misc":{"Tahmini okuma s\u00fcresi":"2 dakika"},"schema":{"@context":"https:\/\/schema.org","@graph":[{"@type":"WebPage","@id":"https:\/\/bebeglee.com\/?product=little-aviator-uclu-erkek-bebek-takimi","url":"https:\/\/bebeglee.com\/?product=little-aviator-uclu-erkek-bebek-takimi","name":"Erkek Bebek Tak\u0131m\u0131 - Little Aviator \u00dc\u00e7l\u00fc - BEBEGLEE","isPartOf":{"@id":"https:\/\/bebeglee.com\/#website"},"primaryImageOfPage":{"@id":"https:\/\/bebeglee.com\/?product=little-aviator-uclu-erkek-bebek-takimi#primaryimage"},"image":{"@id":"https:\/\/bebeglee.com\/?product=little-aviator-uclu-erkek-bebek-takimi#primaryimage"},"thumbnailUrl":"https:\/\/bebeglee.com\/wp-content\/uploads\/2025\/03\/Adsiz-tasarim-2025-08-30T132856.187.png","datePublished":"2025-03-09T19:34:38+00:00","dateModified":"2025-11-08T21:58:11+00:00","breadcrumb":{"@id":"https:\/\/bebeglee.com\/?product=little-aviator-uclu-erkek-bebek-takimi#breadcrumb"},"inLanguage":"tr","potentialAction":[{"@type":"ReadAction","target":["https:\/\/bebeglee.com\/?product=little-aviator-uclu-erkek-bebek-takimi"]}]},{"@type":"ImageObject","inLanguage":"tr","@id":"https:\/\/bebeglee.com\/?product=little-aviator-uclu-erkek-bebek-takimi#primaryimage","url":"https:\/\/bebeglee.com\/wp-content\/uploads\/2025\/03\/Adsiz-tasarim-2025-08-30T132856.187.png","contentUrl":"https:\/\/bebeglee.com\/wp-content\/uploads\/2025\/03\/Adsiz-tasarim-2025-08-30T132856.187.png","width":2400,"height":3200},{"@type":"BreadcrumbList","@id":"https:\/\/bebeglee.com\/?product=little-aviator-uclu-erkek-bebek-takimi#breadcrumb","itemListElement":[{"@type":"ListItem","position":1,"name":"Anasayfa","item":"https:\/\/bebeglee.com\/"},{"@type":"ListItem","position":2,"name":"Ma\u011faza","item":"https:\/\/bebeglee.com\/?page_id=6"},{"@type":"ListItem","position":3,"name":"Erkek Bebek Tak\u0131m\u0131 &#8211; Little Aviator \u00dc\u00e7l\u00fc"}]},{"@type":"WebSite","@id":"https:\/\/bebeglee.com\/#website","url":"https:\/\/bebeglee.com\/","name":"BEBEGLEE","description":"Miniklerin Mutlulu\u011fu \u0130\u00e7in...","publisher":{"@id":"https:\/\/bebeglee.com\/#organization"},"potentialAction":[{"@type":"SearchAction","target":{"@type":"EntryPoint","urlTemplate":"https:\/\/bebeglee.com\/?s={search_term_string}"},"query-input":{"@type":"PropertyValueSpecification","valueRequired":true,"valueName":"search_term_string"}}],"inLanguage":"tr"},{"@type":"Organization","@id":"https:\/\/bebeglee.com\/#organization","name":"BEBEGLEE","url":"https:\/\/bebeglee.com\/","logo":{"@type":"ImageObject","inLanguage":"tr","@id":"https:\/\/bebeglee.com\/#\/schema\/logo\/image\/","url":"https:\/\/bebeglee.com\/wp-content\/uploads\/2025\/11\/cropped-Adsiz-tasarim-2025-11-09T000159.593.png","contentUrl":"https:\/\/bebeglee.com\/wp-content\/uploads\/2025\/11\/cropped-Adsiz-tasarim-2025-11-09T000159.593.png","width":2158,"height":2097,"caption":"BEBEGLEE"},"image":{"@id":"https:\/\/bebeglee.com\/#\/schema\/logo\/image\/"},"sameAs":["https:\/\/www.trendyol.com\/magaza\/bebeglee-m-1111154?sst=0","https:\/\/www.hepsiburada.com\/magaza\/bebeglee","https:\/\/www.instagram.com\/bebe.glee\/"]}]}},"jetpack_sharing_enabled":true,"_links":{"self":[{"href":"https:\/\/bebeglee.com\/index.php?rest_route=\/wp\/v2\/product\/707","targetHints":{"allow":["GET"]}}],"collection":[{"href":"https:\/\/bebeglee.com\/index.php?rest_route=\/wp\/v2\/product"}],"about":[{"href":"https:\/\/bebeglee.com\/index.php?rest_route=\/wp\/v2\/types\/product"}],"replies":[{"embeddable":true,"href":"https:\/\/bebeglee.com\/index.php?rest_route=%2Fwp%2Fv2%2Fcomments&post=707"}],"wp:featuredmedia":[{"embeddable":true,"href":"https:\/\/bebeglee.com\/index.php?rest_route=\/wp\/v2\/media\/1955"}],"wp:attachment":[{"href":"https:\/\/bebeglee.com\/index.php?rest_route=%2Fwp%2Fv2%2Fmedia&parent=707"}],"wp:term":[{"taxonomy":"product_brand","embeddable":true,"href":"https:\/\/bebeglee.com\/index.php?rest_route=%2Fwp%2Fv2%2Fproduct_brand&post=707"},{"taxonomy":"product_cat","embeddable":true,"href":"https:\/\/bebeglee.com\/index.php?rest_route=%2Fwp%2Fv2%2Fproduct_cat&post=707"},{"taxonomy":"product_tag","embeddable":true,"href":"https:\/\/bebeglee.com\/index.php?rest_route=%2Fwp%2Fv2%2Fproduct_tag&post=707"}],"curies":[{"name":"wp","href":"https:\/\/api.w.org\/{rel}","templated":true}]}}