{"id":9,"date":"2025-02-09T17:39:15","date_gmt":"2025-02-09T17:39:15","guid":{"rendered":"https:\/\/bebeglee.com\/hesabim\/"},"modified":"2025-03-13T20:50:33","modified_gmt":"2025-03-13T20:50:33","slug":"hesabim","status":"publish","type":"page","link":"https:\/\/bebeglee.com\/?page_id=9","title":{"rendered":"Hesab\u0131m"},"content":{"rendered":"\t\t<div data-elementor-type=\"wp-page\" data-elementor-id=\"9\" class=\"elementor elementor-9\">\n\t\t\t\t<div class=\"elementor-element elementor-element-7a61905 e-transform e-transform e-flex e-con-boxed e-con e-parent\" data-id=\"7a61905\" data-element_type=\"container\" data-settings=\"{&quot;_transform_scale_effect_mobile&quot;:{&quot;unit&quot;:&quot;px&quot;,&quot;size&quot;:0.8,&quot;sizes&quot;:[]},&quot;_transform_translateX_effect_mobile&quot;:{&quot;unit&quot;:&quot;px&quot;,&quot;size&quot;:-22,&quot;sizes&quot;:[]},&quot;_transform_translateY_effect_mobile&quot;:{&quot;unit&quot;:&quot;px&quot;,&quot;size&quot;:-56,&quot;sizes&quot;:[]},&quot;_transform_translateX_effect&quot;:{&quot;unit&quot;:&quot;px&quot;,&quot;size&quot;:&quot;&quot;,&quot;sizes&quot;:[]},&quot;_transform_translateX_effect_tablet&quot;:{&quot;unit&quot;:&quot;px&quot;,&quot;size&quot;:&quot;&quot;,&quot;sizes&quot;:[]},&quot;_transform_translateY_effect&quot;:{&quot;unit&quot;:&quot;px&quot;,&quot;size&quot;:&quot;&quot;,&quot;sizes&quot;:[]},&quot;_transform_translateY_effect_tablet&quot;:{&quot;unit&quot;:&quot;px&quot;,&quot;size&quot;:&quot;&quot;,&quot;sizes&quot;:[]},&quot;_transform_scale_effect&quot;:{&quot;unit&quot;:&quot;px&quot;,&quot;size&quot;:&quot;&quot;,&quot;sizes&quot;:[]},&quot;_transform_scale_effect_tablet&quot;:{&quot;unit&quot;:&quot;px&quot;,&quot;size&quot;:&quot;&quot;,&quot;sizes&quot;:[]}}\">\n\t\t\t\t\t<div class=\"e-con-inner\">\n\t\t\t\t<div class=\"elementor-element elementor-element-20431b5 elementor-widget elementor-widget-text-editor\" data-id=\"20431b5\" data-element_type=\"widget\" data-widget_type=\"text-editor.default\">\n\t\t\t\t<div class=\"elementor-widget-container\">\n\t\t\t\t\t\t\t\t\t<div class=\"woocommerce\"><div class=\"woocommerce-notices-wrapper\"><\/div>\n\n<div class=\"xoo-el-form-container xoo-el-form-inline\" data-active=\"login\">\n\n\t\n\t\n\t\n<div class=\"xoo-el-header\">\n\t<ul class=\"xoo-el-tabs\">\n\t\t\n        \t\t  <li data-tab=\"login\" class=\"xoo-el-login-tgr\" style=\"order: 0 \">Giri\u015f Yap<\/li>\n        \n\t\t \n\t\t\t<li data-tab=\"register\" class=\"xoo-el-reg-tgr\" style=\"order: 1\">\u00dcye Ol<\/li>\n\t\t\n\t<\/ul>\n<\/div>\n\t\n\t\n\t\t\n\t\t\t\n\t\t<div data-section=\"login\" class=\"xoo-el-section\">\n\n\t\t\t<div class=\"xoo-el-fields\">\n\n\t\t\t\t<div class=\"xoo-el-notice\"><\/div>\n\t\t\t\t<form class=\"xoo-el-action-form xoo-el-form-login\">\n\n\t\t\t\t\t\n\t\t\t\t\t<div class=\"xoo-el-fields-cont\"><div class=\"xoo-aff-group xoo-aff-cont-text one xoo-aff-cont-required xoo-el-username_cont\"><div class=\"xoo-aff-input-group\"><span class=\"xoo-aff-input-icon fas fa-user-plus\"><\/span><input type=\"text\" class=\"xoo-aff-required xoo-aff-text\" name=\"xoo-el-username\" placeholder=\"Kullan\u0131c\u0131 Ad\u0131\/Email\"  value=\"\" required=\"\t\" autocomplete=\"username\"\/><\/div><\/div><div class=\"xoo-aff-group xoo-aff-cont-password one xoo-aff-cont-required xoo-el-password_cont\"><div class=\"xoo-aff-input-group\"><span class=\"xoo-aff-input-icon fas fa-key\"><\/span><input type=\"password\" class=\"xoo-aff-required xoo-aff-password\" name=\"xoo-el-password\" placeholder=\"\u015eifre\"  value=\"\" required=\"\t\" autocomplete=\"current-password\"\/><div class=\"xoo-aff-pw-toggle\">\n\t\t\t\t\t<span class=\"xoo-aff-pwtog-show\"><i class=\"far fa-eye\"><\/i><\/span>\n\t\t\t\t\t<span class=\"xoo-aff-pwtog-hide\"><i class=\"far fa-eye-slash\"><\/i><\/span>\n\t\t\t\t\t<\/div><\/div><\/div><\/div>\n<div class=\"xoo-aff-group xoo-el-login-btm-fields\">\n\t<label class=\"xoo-el-form-label\">\n\t\t<input type=\"checkbox\" name=\"xoo-el-rememberme\" value=\"forever\" \/>\n\t\t<span>Beni Hat\u0131rla<\/span>\n\t<\/label>\n\t<a class=\"xoo-el-lostpw-tgr\" rel=\"nofollow\" href=\"#\">\u015eifremi Unuttum<\/a>\n<\/div>\n\n\n<input type=\"hidden\" name=\"_xoo_el_form\" value=\"login\">\n\n<button type=\"submit\" class=\"button btn xoo-el-action-btn xoo-el-login-btn\" >Oturum A\u00e7<\/button>\n\n<input type=\"hidden\" name=\"xoo_el_redirect\" value=\"\/index.php?rest_route=%2Fwp%2Fv2%2Fpages%2F9\">\n\t\t\t\t\t\n\t\t\t\t<\/form>\n\n\t\t\t\t\r\n\t\r\n\t\r\n\r\n\t\r\n\t\n\t\t\t<\/div>\n\n\t\t<\/div>\n\n\t\n\t\t\t\n\t\t<div data-section=\"register\" class=\"xoo-el-section\">\n\n\t\t\t<div class=\"xoo-el-fields\">\n\n\t\t\t\t<div class=\"xoo-el-notice\"><\/div>\n\t\t\t\t<form class=\"xoo-el-action-form xoo-el-form-register\">\n\n\t\t\t\t\t\n\t\t\t\t\t<div class=\"xoo-el-fields-cont\"><div class=\"xoo-aff-group xoo-aff-cont-email one xoo-aff-cont-required xoo_el_reg_email_cont\"><div class=\"xoo-aff-input-group\"><span class=\"xoo-aff-input-icon fas fa-at\"><\/span><input type=\"email\" class=\"xoo-aff-required xoo-aff-email\" name=\"xoo_el_reg_email\" placeholder=\"Email\"  value=\"\" required=\"\t\" autocomplete=\"email\"\/><\/div><\/div><div class=\"xoo-aff-group xoo-aff-cont-text onehalf xoo-aff-cont-required xoo_el_reg_fname_cont\"><div class=\"xoo-aff-input-group\"><span class=\"xoo-aff-input-icon far fa-user\"><\/span><input type=\"text\" class=\"xoo-aff-required xoo-aff-text\" name=\"xoo_el_reg_fname\" placeholder=\"Ad\"  value=\"\" required=\"\t\"\/><\/div><\/div><div class=\"xoo-aff-group xoo-aff-cont-text onehalf xoo-aff-cont-required xoo_el_reg_lname_cont\"><div class=\"xoo-aff-input-group\"><span class=\"xoo-aff-input-icon far fa-user\"><\/span><input type=\"text\" class=\"xoo-aff-required xoo-aff-text\" name=\"xoo_el_reg_lname\" placeholder=\"Soyad\"  value=\"\" required=\"\t\"\/><\/div><\/div><div class=\"xoo-aff-group xoo-aff-cont-password one xoo-aff-cont-required xoo_el_reg_pass_cont\"><label for=xoo_el_reg_pass class=\"xoo-aff-label\">\u015eifre<\/label><div class=\"xoo-aff-input-group\"><span class=\"xoo-aff-input-icon fas fa-key\"><\/span><input type=\"password\" class=\"xoo-aff-required xoo-aff-password\" name=\"xoo_el_reg_pass\" placeholder=\"\u015eifre\"  value=\"\" maxlength=\"20\" minlength=\"6\" required=\"\t\" autocomplete=\"new-password\"\/><div class=\"xoo-aff-pw-toggle\">\n\t\t\t\t\t<span class=\"xoo-aff-pwtog-show\"><i class=\"far fa-eye\"><\/i><\/span>\n\t\t\t\t\t<span class=\"xoo-aff-pwtog-hide\"><i class=\"far fa-eye-slash\"><\/i><\/span>\n\t\t\t\t\t<\/div><\/div><\/div><div class=\"xoo-aff-group xoo-aff-cont-password one xoo-aff-cont-required xoo_el_reg_pass_again_cont\"><div class=\"xoo-aff-input-group\"><span class=\"xoo-aff-input-icon fas fa-key\"><\/span><input type=\"password\" class=\"xoo-aff-required xoo-aff-password\" name=\"xoo_el_reg_pass_again\" placeholder=\"\u015eifre Tekrar\"  value=\"\" required=\"\t\" autocomplete=\"new-password\"\/><div class=\"xoo-aff-pw-toggle\">\n\t\t\t\t\t<span class=\"xoo-aff-pwtog-show\"><i class=\"far fa-eye\"><\/i><\/span>\n\t\t\t\t\t<span class=\"xoo-aff-pwtog-hide\"><i class=\"far fa-eye-slash\"><\/i><\/span>\n\t\t\t\t\t<\/div><\/div><\/div><div class=\"xoo-aff-group xoo-aff-cont-checkbox_single one xoo_el_reg_terms_cont\"><div class=\"xoo-aff-checkbox_single\"><label><input type=\"checkbox\" name=\"xoo_el_reg_terms\" class=\"xoo-aff-checkbox_single\" value=\"yes\" > <a href=\"https:\/\/bebeglee.com\/gizlilik-ve-guvenlik-politikasi\/\" target=\"_blank\"> Gizlilik ve G\u00fcvenlik Politikas\u0131n\u0131 Kabul Ediyorum <\/a><\/label><\/div><\/div><\/div>\n<input type=\"hidden\" name=\"_xoo_el_form\" value=\"register\">\n\n\n<button type=\"submit\" class=\"button btn xoo-el-action-btn xoo-el-register-btn\">\u00dcye Ol<\/button>\n\n<input type=\"hidden\" name=\"xoo_el_redirect\" value=\"\/index.php?rest_route=%2Fwp%2Fv2%2Fpages%2F9\">\n\t\t\t\t\t\n\t\t\t\t<\/form>\n\n\t\t\t\t\r\n\t\r\n\t\r\n\r\n\t\r\n\t\n\t\t\t<\/div>\n\n\t\t<\/div>\n\n\t\n\t\t\t\n\t\t<div data-section=\"lostpw\" class=\"xoo-el-section\">\n\n\t\t\t<div class=\"xoo-el-fields\">\n\n\t\t\t\t<div class=\"xoo-el-notice\"><\/div>\n\t\t\t\t<form class=\"xoo-el-action-form xoo-el-form-lostpw\">\n\n\t\t\t\t\t\n\t\t\t\t\t\n\n<span class=\"xoo-el-form-txt\">Lost your password? Please enter your username or email address. You will receive a link to create a new password via email.<\/span>\n\n<div class=\"xoo-el-fields-cont\"><div class=\"xoo-aff-group xoo-aff-cont-text one xoo-aff-cont-required user_login_cont\"><div class=\"xoo-aff-input-group\"><span class=\"xoo-aff-input-icon fas fa-user-plus\"><\/span><input type=\"text\" class=\"xoo-aff-required xoo-aff-text\" name=\"user_login\" placeholder=\"Username \/ Email\"  value=\"\" required=\"\t\"\/><\/div><\/div><\/div>\n\n<input type=\"hidden\" name=\"_xoo_el_form\" value=\"lostPassword\">\n\n<input type=\"hidden\" name=\"_wp_http_referer\" value=\"\/index.php?rest_route=%2Fwp%2Fv2%2Fpages%2F9\" \/>\n<button type=\"submit\" class=\"button btn xoo-el-action-btn xoo-el-lostpw-btn\">Eposta S\u0131f\u0131rlama Linki<\/button>\n\t\t\t\t\t\n\t\t\t\t<\/form>\n\n\t\t\t\t\r\n\t\r\n\t\r\n\r\n\t\r\n\t\n\t\t\t<\/div>\n\n\t\t<\/div>\n\n\t\n\t\n<\/div>\t\t\n<\/div>\t\t\t\t\t\t\t\t<\/div>\n\t\t\t\t<\/div>\n\t\t\t\t\t<\/div>\n\t\t\t\t<\/div>\n\t\t\t\t<\/div>\n\t\t","protected":false},"excerpt":{"rendered":"","protected":false},"author":1,"featured_media":0,"parent":0,"menu_order":0,"comment_status":"closed","ping_status":"closed","template":"elementor_header_footer","meta":{"_kad_post_transparent":"","_kad_post_title":"","_kad_post_layout":"","_kad_post_sidebar_id":"","_kad_post_content_style":"","_kad_post_vertical_padding":"","_kad_post_feature":"","_kad_post_feature_position":"","_kad_post_header":false,"_kad_post_footer":false,"footnotes":""},"class_list":["post-9","page","type-page","status-publish","hentry"],"yoast_head":"<!-- This site is optimized with the Yoast SEO plugin v26.3 - https:\/\/yoast.com\/wordpress\/plugins\/seo\/ -->\n<title>Hesab\u0131m - BEBEGLEE<\/title>\n<meta name=\"robots\" content=\"index, follow, max-snippet:-1, max-image-preview:large, max-video-preview:-1\" \/>\n<link rel=\"canonical\" href=\"https:\/\/bebeglee.com\/?page_id=9\" \/>\n<meta property=\"og:locale\" content=\"tr_TR\" \/>\n<meta property=\"og:type\" content=\"article\" \/>\n<meta property=\"og:title\" content=\"Hesab\u0131m - BEBEGLEE\" \/>\n<meta property=\"og:url\" content=\"https:\/\/bebeglee.com\/?page_id=9\" \/>\n<meta property=\"og:site_name\" content=\"BEBEGLEE\" \/>\n<meta property=\"article:modified_time\" content=\"2025-03-13T20:50:33+00:00\" \/>\n<meta property=\"og:image\" content=\"https:\/\/bebeglee.com\/wp-content\/uploads\/2025\/08\/BEBEGLEE.jpg\" \/>\n\t<meta property=\"og:image:width\" content=\"776\" \/>\n\t<meta property=\"og:image:height\" content=\"776\" \/>\n\t<meta property=\"og:image:type\" content=\"image\/jpeg\" \/>\n<meta name=\"twitter:card\" content=\"summary_large_image\" \/>\n<script type=\"application\/ld+json\" class=\"yoast-schema-graph\">{\"@context\":\"https:\/\/schema.org\",\"@graph\":[{\"@type\":\"WebPage\",\"@id\":\"https:\/\/bebeglee.com\/?page_id=9\",\"url\":\"https:\/\/bebeglee.com\/?page_id=9\",\"name\":\"Hesab\u0131m - BEBEGLEE\",\"isPartOf\":{\"@id\":\"https:\/\/bebeglee.com\/#website\"},\"datePublished\":\"2025-02-09T17:39:15+00:00\",\"dateModified\":\"2025-03-13T20:50:33+00:00\",\"breadcrumb\":{\"@id\":\"https:\/\/bebeglee.com\/?page_id=9#breadcrumb\"},\"inLanguage\":\"tr\",\"potentialAction\":[{\"@type\":\"ReadAction\",\"target\":[\"https:\/\/bebeglee.com\/?page_id=9\"]}]},{\"@type\":\"BreadcrumbList\",\"@id\":\"https:\/\/bebeglee.com\/?page_id=9#breadcrumb\",\"itemListElement\":[{\"@type\":\"ListItem\",\"position\":1,\"name\":\"Anasayfa\",\"item\":\"https:\/\/bebeglee.com\/\"},{\"@type\":\"ListItem\",\"position\":2,\"name\":\"Hesab\u0131m\"}]},{\"@type\":\"WebSite\",\"@id\":\"https:\/\/bebeglee.com\/#website\",\"url\":\"https:\/\/bebeglee.com\/\",\"name\":\"BEBEGLEE\",\"description\":\"Miniklerin Mutlulu\u011fu \u0130\u00e7in...\",\"publisher\":{\"@id\":\"https:\/\/bebeglee.com\/#organization\"},\"potentialAction\":[{\"@type\":\"SearchAction\",\"target\":{\"@type\":\"EntryPoint\",\"urlTemplate\":\"https:\/\/bebeglee.com\/?s={search_term_string}\"},\"query-input\":{\"@type\":\"PropertyValueSpecification\",\"valueRequired\":true,\"valueName\":\"search_term_string\"}}],\"inLanguage\":\"tr\"},{\"@type\":\"Organization\",\"@id\":\"https:\/\/bebeglee.com\/#organization\",\"name\":\"BEBEGLEE\",\"url\":\"https:\/\/bebeglee.com\/\",\"logo\":{\"@type\":\"ImageObject\",\"inLanguage\":\"tr\",\"@id\":\"https:\/\/bebeglee.com\/#\/schema\/logo\/image\/\",\"url\":\"https:\/\/bebeglee.com\/wp-content\/uploads\/2025\/11\/cropped-Adsiz-tasarim-2025-11-09T000159.593.png\",\"contentUrl\":\"https:\/\/bebeglee.com\/wp-content\/uploads\/2025\/11\/cropped-Adsiz-tasarim-2025-11-09T000159.593.png\",\"width\":2158,\"height\":2097,\"caption\":\"BEBEGLEE\"},\"image\":{\"@id\":\"https:\/\/bebeglee.com\/#\/schema\/logo\/image\/\"},\"sameAs\":[\"https:\/\/www.trendyol.com\/magaza\/bebeglee-m-1111154?sst=0\",\"https:\/\/www.hepsiburada.com\/magaza\/bebeglee\",\"https:\/\/www.instagram.com\/bebe.glee\/\"]}]}<\/script>\n<!-- \/ Yoast SEO plugin. -->","yoast_head_json":{"title":"Hesab\u0131m - BEBEGLEE","robots":{"index":"index","follow":"follow","max-snippet":"max-snippet:-1","max-image-preview":"max-image-preview:large","max-video-preview":"max-video-preview:-1"},"canonical":"https:\/\/bebeglee.com\/?page_id=9","og_locale":"tr_TR","og_type":"article","og_title":"Hesab\u0131m - BEBEGLEE","og_url":"https:\/\/bebeglee.com\/?page_id=9","og_site_name":"BEBEGLEE","article_modified_time":"2025-03-13T20:50:33+00:00","og_image":[{"width":776,"height":776,"url":"https:\/\/bebeglee.com\/wp-content\/uploads\/2025\/08\/BEBEGLEE.jpg","type":"image\/jpeg"}],"twitter_card":"summary_large_image","schema":{"@context":"https:\/\/schema.org","@graph":[{"@type":"WebPage","@id":"https:\/\/bebeglee.com\/?page_id=9","url":"https:\/\/bebeglee.com\/?page_id=9","name":"Hesab\u0131m - BEBEGLEE","isPartOf":{"@id":"https:\/\/bebeglee.com\/#website"},"datePublished":"2025-02-09T17:39:15+00:00","dateModified":"2025-03-13T20:50:33+00:00","breadcrumb":{"@id":"https:\/\/bebeglee.com\/?page_id=9#breadcrumb"},"inLanguage":"tr","potentialAction":[{"@type":"ReadAction","target":["https:\/\/bebeglee.com\/?page_id=9"]}]},{"@type":"BreadcrumbList","@id":"https:\/\/bebeglee.com\/?page_id=9#breadcrumb","itemListElement":[{"@type":"ListItem","position":1,"name":"Anasayfa","item":"https:\/\/bebeglee.com\/"},{"@type":"ListItem","position":2,"name":"Hesab\u0131m"}]},{"@type":"WebSite","@id":"https:\/\/bebeglee.com\/#website","url":"https:\/\/bebeglee.com\/","name":"BEBEGLEE","description":"Miniklerin Mutlulu\u011fu \u0130\u00e7in...","publisher":{"@id":"https:\/\/bebeglee.com\/#organization"},"potentialAction":[{"@type":"SearchAction","target":{"@type":"EntryPoint","urlTemplate":"https:\/\/bebeglee.com\/?s={search_term_string}"},"query-input":{"@type":"PropertyValueSpecification","valueRequired":true,"valueName":"search_term_string"}}],"inLanguage":"tr"},{"@type":"Organization","@id":"https:\/\/bebeglee.com\/#organization","name":"BEBEGLEE","url":"https:\/\/bebeglee.com\/","logo":{"@type":"ImageObject","inLanguage":"tr","@id":"https:\/\/bebeglee.com\/#\/schema\/logo\/image\/","url":"https:\/\/bebeglee.com\/wp-content\/uploads\/2025\/11\/cropped-Adsiz-tasarim-2025-11-09T000159.593.png","contentUrl":"https:\/\/bebeglee.com\/wp-content\/uploads\/2025\/11\/cropped-Adsiz-tasarim-2025-11-09T000159.593.png","width":2158,"height":2097,"caption":"BEBEGLEE"},"image":{"@id":"https:\/\/bebeglee.com\/#\/schema\/logo\/image\/"},"sameAs":["https:\/\/www.trendyol.com\/magaza\/bebeglee-m-1111154?sst=0","https:\/\/www.hepsiburada.com\/magaza\/bebeglee","https:\/\/www.instagram.com\/bebe.glee\/"]}]}},"jetpack_sharing_enabled":true,"_links":{"self":[{"href":"https:\/\/bebeglee.com\/index.php?rest_route=\/wp\/v2\/pages\/9","targetHints":{"allow":["GET"]}}],"collection":[{"href":"https:\/\/bebeglee.com\/index.php?rest_route=\/wp\/v2\/pages"}],"about":[{"href":"https:\/\/bebeglee.com\/index.php?rest_route=\/wp\/v2\/types\/page"}],"author":[{"embeddable":true,"href":"https:\/\/bebeglee.com\/index.php?rest_route=\/wp\/v2\/users\/1"}],"replies":[{"embeddable":true,"href":"https:\/\/bebeglee.com\/index.php?rest_route=%2Fwp%2Fv2%2Fcomments&post=9"}],"version-history":[{"count":48,"href":"https:\/\/bebeglee.com\/index.php?rest_route=\/wp\/v2\/pages\/9\/revisions"}],"predecessor-version":[{"id":1005,"href":"https:\/\/bebeglee.com\/index.php?rest_route=\/wp\/v2\/pages\/9\/revisions\/1005"}],"wp:attachment":[{"href":"https:\/\/bebeglee.com\/index.php?rest_route=%2Fwp%2Fv2%2Fmedia&parent=9"}],"curies":[{"name":"wp","href":"https:\/\/api.w.org\/{rel}","templated":true}]}}