{"id":7,"date":"2025-02-09T17:39:15","date_gmt":"2025-02-09T17:39:15","guid":{"rendered":"https:\/\/bebeglee.com\/sepet\/"},"modified":"2025-05-07T19:54:35","modified_gmt":"2025-05-07T19:54:35","slug":"sepet","status":"publish","type":"page","link":"https:\/\/bebeglee.com\/?page_id=7","title":{"rendered":"Sepet"},"content":{"rendered":"\t\t<div data-elementor-type=\"wp-page\" data-elementor-id=\"7\" class=\"elementor elementor-7\">\n\t\t\t\t<div class=\"elementor-element elementor-element-75b0466 e-transform e-flex e-con-boxed e-con e-parent\" data-id=\"75b0466\" data-element_type=\"container\" data-settings=\"{&quot;_transform_scale_effect_mobile&quot;:{&quot;unit&quot;:&quot;px&quot;,&quot;size&quot;:0.9,&quot;sizes&quot;:[]},&quot;_transform_scale_effect&quot;:{&quot;unit&quot;:&quot;px&quot;,&quot;size&quot;:&quot;&quot;,&quot;sizes&quot;:[]},&quot;_transform_scale_effect_tablet&quot;:{&quot;unit&quot;:&quot;px&quot;,&quot;size&quot;:&quot;&quot;,&quot;sizes&quot;:[]}}\">\n\t\t\t\t\t<div class=\"e-con-inner\">\n\t\t\t\t<div class=\"elementor-element elementor-element-2e74b3f1 elementor-widget__width-initial elementor-widget elementor-widget-text-editor\" data-id=\"2e74b3f1\" data-element_type=\"widget\" data-widget_type=\"text-editor.default\">\n\t\t\t\t<div class=\"elementor-widget-container\">\n\t\t\t\t\t\t\t\t\t\n<div data-block-name=\"woocommerce\/cart\" class=\"wp-block-woocommerce-cart alignwide is-loading\">\n<div data-block-name=\"woocommerce\/filled-cart-block\" class=\"wp-block-woocommerce-filled-cart-block\">\n<div data-block-name=\"woocommerce\/cart-items-block\" class=\"wp-block-woocommerce-cart-items-block\">\n<div data-block-name=\"woocommerce\/cart-line-items-block\" class=\"wp-block-woocommerce-cart-line-items-block\">\u00a0<\/div>\n\n<div data-block-name=\"woocommerce\/cart-cross-sells-block\" class=\"wp-block-woocommerce-cart-cross-sells-block\">\n<h2 class=\"wp-block-heading has-large-font-size\">\u0130lginizi \u00e7ekebilir\u2026<\/h2>\n\n<div data-block-name=\"woocommerce\/cart-cross-sells-products-block\" class=\"wp-block-woocommerce-cart-cross-sells-products-block\">\u00a0<\/div>\n<\/div>\n<\/div>\n\n<div data-block-name=\"woocommerce\/cart-totals-block\" class=\"wp-block-woocommerce-cart-totals-block\">\n<div data-block-name=\"woocommerce\/cart-order-summary-block\" class=\"wp-block-woocommerce-cart-order-summary-block\">\n<div data-block-name=\"woocommerce\/cart-order-summary-heading-block\" class=\"wp-block-woocommerce-cart-order-summary-heading-block\">\u00a0<\/div><div data-block-name=\"woocommerce\/cart-order-summary-coupon-form-block\" class=\"wp-block-woocommerce-cart-order-summary-coupon-form-block\">\u00a0<\/div><div data-block-name=\"woocommerce\/cart-order-summary-totals-block\" class=\"wp-block-woocommerce-cart-order-summary-totals-block\">\n<div data-block-name=\"woocommerce\/cart-order-summary-subtotal-block\" class=\"wp-block-woocommerce-cart-order-summary-subtotal-block\">\u00a0<\/div>\n<div data-block-name=\"woocommerce\/cart-order-summary-discount-block\" class=\"wp-block-woocommerce-cart-order-summary-discount-block\">\u00a0<\/div>\n<div data-block-name=\"woocommerce\/cart-order-summary-fee-block\" class=\"wp-block-woocommerce-cart-order-summary-fee-block\">\u00a0<\/div>\n<div data-block-name=\"woocommerce\/cart-order-summary-shipping-block\" class=\"wp-block-woocommerce-cart-order-summary-shipping-block\">\u00a0<\/div>\n<div data-block-name=\"woocommerce\/cart-order-summary-taxes-block\" class=\"wp-block-woocommerce-cart-order-summary-taxes-block\">\u00a0<\/div><\/div>\n<\/div>\n\n<div data-block-name=\"woocommerce\/cart-express-payment-block\" class=\"wp-block-woocommerce-cart-express-payment-block\">\u00a0<\/div>\n\n<div data-block-name=\"woocommerce\/proceed-to-checkout-block\" class=\"wp-block-woocommerce-proceed-to-checkout-block\">\u00a0<\/div>\n\n<div data-block-name=\"woocommerce\/cart-accepted-payment-methods-block\" class=\"wp-block-woocommerce-cart-accepted-payment-methods-block\">\u00a0<\/div>\n<\/div>\n<\/div>\n\n<div data-block-name=\"woocommerce\/empty-cart-block\" class=\"wp-block-woocommerce-empty-cart-block\">\n<h2 class=\"wp-block-heading has-text-align-center with-empty-cart-icon wc-block-cart__empty-cart__title\">Sepetiniz \u015fu anda bo\u015f!<\/h2>\n<hr class=\"wp-block-separator has-alpha-channel-opacity is-style-dots\" \/>\n<h2 class=\"wp-block-heading has-text-align-center\">Ma\u011fazada yeni<\/h2>\n<div data-block-name=\"woocommerce\/product-new\" data-columns=\"4\" data-rows=\"1\" class=\"wc-block-grid wp-block-product-new wp-block-woocommerce-product-new wc-block-product-new has-4-columns\"><ul class=\"wc-block-grid__products\"><li class=\"wc-block-grid__product entry loop-entry content-bg woo-archive-action-on-hover woo-archive-btn-button product-loop-boxed woo-archive-image-hover-none\"><a href=\"https:\/\/bebeglee.com\/?product=urun\" class=\"wc-block-grid__product-link woocommerce-loop-image-link woocommerce-LoopProduct-link woocommerce-loop-product__link\">\n\t\t\t\t\t<img fetchpriority=\"high\" decoding=\"async\" width=\"300\" height=\"400\" src=\"https:\/\/bebeglee.com\/wp-content\/uploads\/2025\/11\/1000036799-300x400.jpg\" class=\"attachment-woocommerce_thumbnail size-woocommerce_thumbnail\" alt=\"5&#039;Li Hastane \u00c7\u0131k\u0131\u015f Seti - Trakt\u00f6r Nak\u0131\u015fl\u0131\" srcset=\"https:\/\/bebeglee.com\/wp-content\/uploads\/2025\/11\/1000036799-300x400.jpg 300w, https:\/\/bebeglee.com\/wp-content\/uploads\/2025\/11\/1000036799-225x300.jpg 225w, https:\/\/bebeglee.com\/wp-content\/uploads\/2025\/11\/1000036799-768x1024.jpg 768w, https:\/\/bebeglee.com\/wp-content\/uploads\/2025\/11\/1000036799-1152x1536.jpg 1152w, https:\/\/bebeglee.com\/wp-content\/uploads\/2025\/11\/1000036799-1536x2048.jpg 1536w, https:\/\/bebeglee.com\/wp-content\/uploads\/2025\/11\/1000036799-600x800.jpg 600w, https:\/\/bebeglee.com\/wp-content\/uploads\/2025\/11\/1000036799-scaled.jpg 1920w\" sizes=\"(max-width: 300px) 100vw, 300px\" \/>\n\t\t\t\t\t\n\t\t\t\t<\/a>\n\t\t\t\t<div class=\"product-details content-bg entry-content-wrap\">\n\t\t\t\t\t<a href=\"https:\/\/bebeglee.com\/?product=urun\" class=\"wc-block-grid__product-title-link\">\n\t\t\t\t\t\t<div class=\"wc-block-grid__product-title\">5'Li Hastane \u00c7\u0131k\u0131\u015f Seti - Trakt\u00f6r Nak\u0131\u015fl\u0131<\/div>\n\t\t\t\t\t<\/a>\n\t\t\t\t\t\n\t\t\t\t\t<div class=\"wc-block-grid__product-price price\"><span class=\"woocommerce-Price-amount amount\">599.00<span class=\"woocommerce-Price-currencySymbol\">&#8378;<\/span><\/span><\/div>\n\t\t\t\t\t<div class=\"wp-block-button wc-block-grid__product-add-to-cart\"><a href=\"https:\/\/bebeglee.com\/?product=urun\" aria-label=\"&ldquo;5&#039;Li Hastane \u00c7\u0131k\u0131\u015f Seti - Trakt\u00f6r Nak\u0131\u015fl\u0131&rdquo; i\u00e7in se\u00e7enekleri se\u00e7in\" data-quantity=\"1\" data-product_id=\"2682\" data-product_sku=\"\" rel=\"nofollow\" class=\"wp-block-button__link add_to_cart_button\">Se\u00e7enekler<span class=\"kadence-svg-iconset svg-baseline\"><svg class=\"kadence-svg-icon kadence-spinner-svg\" fill=\"currentColor\" version=\"1.1\" xmlns=\"http:\/\/www.w3.org\/2000\/svg\" width=\"16\" height=\"16\" viewBox=\"0 0 16 16\"><title>Loading<\/title><path d=\"M16 6h-6l2.243-2.243c-1.133-1.133-2.64-1.757-4.243-1.757s-3.109 0.624-4.243 1.757c-1.133 1.133-1.757 2.64-1.757 4.243s0.624 3.109 1.757 4.243c1.133 1.133 2.64 1.757 4.243 1.757s3.109-0.624 4.243-1.757c0.095-0.095 0.185-0.192 0.273-0.292l1.505 1.317c-1.466 1.674-3.62 2.732-6.020 2.732-4.418 0-8-3.582-8-8s3.582-8 8-8c2.209 0 4.209 0.896 5.656 2.344l2.343-2.344v6z\"><\/path>\n\t\t\t\t<\/svg><\/span><span class=\"kadence-svg-iconset svg-baseline\"><svg class=\"kadence-svg-icon kadence-check-svg\" fill=\"currentColor\" version=\"1.1\" xmlns=\"http:\/\/www.w3.org\/2000\/svg\" width=\"16\" height=\"16\" viewBox=\"0 0 16 16\"><title>Done<\/title><path d=\"M14 2.5l-8.5 8.5-3.5-3.5-1.5 1.5 5 5 10-10z\"><\/path>\n\t\t\t\t<\/svg><\/span><\/a><\/div>\n\t\t\t\t<\/div>\n\t\t\t<\/li><li class=\"wc-block-grid__product entry loop-entry content-bg woo-archive-action-on-hover woo-archive-btn-button product-loop-boxed woo-archive-image-hover-none\"><a href=\"https:\/\/bebeglee.com\/?product=kirmizi-kiz-cocuk-2li-takim-gomlek-pantolon\" class=\"wc-block-grid__product-link woocommerce-loop-image-link woocommerce-LoopProduct-link woocommerce-loop-product__link\">\n\t\t\t\t\t<img decoding=\"async\" width=\"300\" height=\"375\" src=\"https:\/\/bebeglee.com\/wp-content\/uploads\/2025\/09\/Adsiz-tasarim-2025-09-15T215519.239-300x375.png\" class=\"attachment-woocommerce_thumbnail size-woocommerce_thumbnail\" alt=\"K\u0131rm\u0131z\u0131 K\u0131z \u00c7ocuk 2\u2019li Tak\u0131m \u2013 G\u00f6mlek &amp; Pantolon\" srcset=\"https:\/\/bebeglee.com\/wp-content\/uploads\/2025\/09\/Adsiz-tasarim-2025-09-15T215519.239-300x375.png 300w, https:\/\/bebeglee.com\/wp-content\/uploads\/2025\/09\/Adsiz-tasarim-2025-09-15T215519.239-240x300.png 240w, https:\/\/bebeglee.com\/wp-content\/uploads\/2025\/09\/Adsiz-tasarim-2025-09-15T215519.239-819x1024.png 819w, https:\/\/bebeglee.com\/wp-content\/uploads\/2025\/09\/Adsiz-tasarim-2025-09-15T215519.239-768x960.png 768w, https:\/\/bebeglee.com\/wp-content\/uploads\/2025\/09\/Adsiz-tasarim-2025-09-15T215519.239-600x750.png 600w, https:\/\/bebeglee.com\/wp-content\/uploads\/2025\/09\/Adsiz-tasarim-2025-09-15T215519.239.png 1080w\" sizes=\"(max-width: 300px) 100vw, 300px\" \/>\n\t\t\t\t\t\n\t\t\t\t<\/a><div class=\"wc-block-grid__product-onsale\">\n\t\t\t<span aria-hidden=\"true\">\u0130ndirim<\/span>\n\t\t\t<span class=\"screen-reader-text\">\u0130ndirimdeki \u00fcr\u00fcn<\/span>\n\t\t<\/div>\n\t\t\t\t<div class=\"product-details content-bg entry-content-wrap\">\n\t\t\t\t\t<a href=\"https:\/\/bebeglee.com\/?product=kirmizi-kiz-cocuk-2li-takim-gomlek-pantolon\" class=\"wc-block-grid__product-title-link\">\n\t\t\t\t\t\t<div class=\"wc-block-grid__product-title\">K\u0131rm\u0131z\u0131 K\u0131z \u00c7ocuk 2\u2019li Tak\u0131m \u2013 G\u00f6mlek &amp; Pantolon<\/div>\n\t\t\t\t\t<\/a>\n\t\t\t\t\t\n\t\t\t\t\t<div class=\"wc-block-grid__product-price price\"><del aria-hidden=\"true\"><span class=\"woocommerce-Price-amount amount\">985.99<span class=\"woocommerce-Price-currencySymbol\">&#8378;<\/span><\/span><\/del> <span class=\"screen-reader-text\">Orijinal fiyat: 985.99&#8378;.<\/span><ins aria-hidden=\"true\"><span class=\"woocommerce-Price-amount amount\">699.99<span class=\"woocommerce-Price-currencySymbol\">&#8378;<\/span><\/span><\/ins><span class=\"screen-reader-text\">\u015eu andaki fiyat: 699.99&#8378;.<\/span><\/div>\n\t\t\t\t\t<div class=\"wp-block-button wc-block-grid__product-add-to-cart\"><a href=\"https:\/\/bebeglee.com\/?product=kirmizi-kiz-cocuk-2li-takim-gomlek-pantolon\" aria-label=\"&ldquo;K\u0131rm\u0131z\u0131 K\u0131z \u00c7ocuk 2\u2019li Tak\u0131m \u2013 G\u00f6mlek &amp; Pantolon&rdquo; i\u00e7in se\u00e7enekleri se\u00e7in\" data-quantity=\"1\" data-product_id=\"2410\" data-product_sku=\"\" rel=\"nofollow\" class=\"wp-block-button__link add_to_cart_button\">Se\u00e7enekler<span class=\"kadence-svg-iconset svg-baseline\"><svg class=\"kadence-svg-icon kadence-spinner-svg\" fill=\"currentColor\" version=\"1.1\" xmlns=\"http:\/\/www.w3.org\/2000\/svg\" width=\"16\" height=\"16\" viewBox=\"0 0 16 16\"><title>Loading<\/title><path d=\"M16 6h-6l2.243-2.243c-1.133-1.133-2.64-1.757-4.243-1.757s-3.109 0.624-4.243 1.757c-1.133 1.133-1.757 2.64-1.757 4.243s0.624 3.109 1.757 4.243c1.133 1.133 2.64 1.757 4.243 1.757s3.109-0.624 4.243-1.757c0.095-0.095 0.185-0.192 0.273-0.292l1.505 1.317c-1.466 1.674-3.62 2.732-6.020 2.732-4.418 0-8-3.582-8-8s3.582-8 8-8c2.209 0 4.209 0.896 5.656 2.344l2.343-2.344v6z\"><\/path>\n\t\t\t\t<\/svg><\/span><span class=\"kadence-svg-iconset svg-baseline\"><svg class=\"kadence-svg-icon kadence-check-svg\" fill=\"currentColor\" version=\"1.1\" xmlns=\"http:\/\/www.w3.org\/2000\/svg\" width=\"16\" height=\"16\" viewBox=\"0 0 16 16\"><title>Done<\/title><path d=\"M14 2.5l-8.5 8.5-3.5-3.5-1.5 1.5 5 5 10-10z\"><\/path>\n\t\t\t\t<\/svg><\/span><\/a><\/div>\n\t\t\t\t<\/div>\n\t\t\t<\/li><li class=\"wc-block-grid__product entry loop-entry content-bg woo-archive-action-on-hover woo-archive-btn-button product-loop-boxed woo-archive-image-hover-none\"><a href=\"https:\/\/bebeglee.com\/?product=kiz-bebek-takimi-bebe-yaka-gomlek-pelus-yelek-ve-rahat-pantolon\" class=\"wc-block-grid__product-link woocommerce-loop-image-link woocommerce-LoopProduct-link woocommerce-loop-product__link\">\n\t\t\t\t\t<img decoding=\"async\" width=\"300\" height=\"375\" src=\"https:\/\/bebeglee.com\/wp-content\/uploads\/2025\/09\/1000027466-300x375.jpg\" class=\"attachment-woocommerce_thumbnail size-woocommerce_thumbnail\" alt=\"K\u0131z Bebek Tak\u0131m\u0131 \u2013 Bebe Yaka G\u00f6mlek, Pelu\u015f Yelek ve Rahat Pantolon\" srcset=\"https:\/\/bebeglee.com\/wp-content\/uploads\/2025\/09\/1000027466-300x375.jpg 300w, https:\/\/bebeglee.com\/wp-content\/uploads\/2025\/09\/1000027466-240x300.jpg 240w, https:\/\/bebeglee.com\/wp-content\/uploads\/2025\/09\/1000027466-819x1024.jpg 819w, https:\/\/bebeglee.com\/wp-content\/uploads\/2025\/09\/1000027466-768x960.jpg 768w, https:\/\/bebeglee.com\/wp-content\/uploads\/2025\/09\/1000027466-600x750.jpg 600w, https:\/\/bebeglee.com\/wp-content\/uploads\/2025\/09\/1000027466.jpg 1080w\" sizes=\"(max-width: 300px) 100vw, 300px\" \/>\n\t\t\t\t\t\n\t\t\t\t<\/a>\n\t\t\t\t<div class=\"product-details content-bg entry-content-wrap\">\n\t\t\t\t\t<a href=\"https:\/\/bebeglee.com\/?product=kiz-bebek-takimi-bebe-yaka-gomlek-pelus-yelek-ve-rahat-pantolon\" class=\"wc-block-grid__product-title-link\">\n\t\t\t\t\t\t<div class=\"wc-block-grid__product-title\">K\u0131z Bebek Tak\u0131m\u0131 \u2013 Bebe Yaka G\u00f6mlek, Pelu\u015f Yelek ve Rahat Pantolon<\/div>\n\t\t\t\t\t<\/a>\n\t\t\t\t\t\n\t\t\t\t\t<div class=\"wc-block-grid__product-price price\"><span class=\"woocommerce-Price-amount amount\">1,299.99<span class=\"woocommerce-Price-currencySymbol\">&#8378;<\/span><\/span><\/div>\n\t\t\t\t\t<div class=\"wp-block-button wc-block-grid__product-add-to-cart\"><a href=\"https:\/\/bebeglee.com\/?product=kiz-bebek-takimi-bebe-yaka-gomlek-pelus-yelek-ve-rahat-pantolon\" aria-label=\"&ldquo;K\u0131z Bebek Tak\u0131m\u0131 \u2013 Bebe Yaka G\u00f6mlek, Pelu\u015f Yelek ve Rahat Pantolon&rdquo; i\u00e7in se\u00e7enekleri se\u00e7in\" data-quantity=\"1\" data-product_id=\"2166\" data-product_sku=\"\" rel=\"nofollow\" class=\"wp-block-button__link add_to_cart_button\">Se\u00e7enekler<span class=\"kadence-svg-iconset svg-baseline\"><svg class=\"kadence-svg-icon kadence-spinner-svg\" fill=\"currentColor\" version=\"1.1\" xmlns=\"http:\/\/www.w3.org\/2000\/svg\" width=\"16\" height=\"16\" viewBox=\"0 0 16 16\"><title>Loading<\/title><path d=\"M16 6h-6l2.243-2.243c-1.133-1.133-2.64-1.757-4.243-1.757s-3.109 0.624-4.243 1.757c-1.133 1.133-1.757 2.64-1.757 4.243s0.624 3.109 1.757 4.243c1.133 1.133 2.64 1.757 4.243 1.757s3.109-0.624 4.243-1.757c0.095-0.095 0.185-0.192 0.273-0.292l1.505 1.317c-1.466 1.674-3.62 2.732-6.020 2.732-4.418 0-8-3.582-8-8s3.582-8 8-8c2.209 0 4.209 0.896 5.656 2.344l2.343-2.344v6z\"><\/path>\n\t\t\t\t<\/svg><\/span><span class=\"kadence-svg-iconset svg-baseline\"><svg class=\"kadence-svg-icon kadence-check-svg\" fill=\"currentColor\" version=\"1.1\" xmlns=\"http:\/\/www.w3.org\/2000\/svg\" width=\"16\" height=\"16\" viewBox=\"0 0 16 16\"><title>Done<\/title><path d=\"M14 2.5l-8.5 8.5-3.5-3.5-1.5 1.5 5 5 10-10z\"><\/path>\n\t\t\t\t<\/svg><\/span><\/a><\/div>\n\t\t\t\t<\/div>\n\t\t\t<\/li><li class=\"wc-block-grid__product entry loop-entry content-bg woo-archive-action-on-hover woo-archive-btn-button product-loop-boxed woo-archive-image-hover-none\"><a href=\"https:\/\/bebeglee.com\/?product=kiz-bebek-takimi-triko-ust-rahat-pantolon-ve-cicekli-mini-canta\" class=\"wc-block-grid__product-link woocommerce-loop-image-link woocommerce-LoopProduct-link woocommerce-loop-product__link\">\n\t\t\t\t\t<img loading=\"lazy\" decoding=\"async\" width=\"300\" height=\"375\" src=\"https:\/\/bebeglee.com\/wp-content\/uploads\/2025\/09\/1000027461-300x375.jpg\" class=\"attachment-woocommerce_thumbnail size-woocommerce_thumbnail\" alt=\"K\u0131z Bebek Tak\u0131m\u0131 \u2013 Triko \u00dcst, Rahat Pantolon ve \u00c7i\u00e7ekli Mini \u00c7anta\" srcset=\"https:\/\/bebeglee.com\/wp-content\/uploads\/2025\/09\/1000027461-300x375.jpg 300w, https:\/\/bebeglee.com\/wp-content\/uploads\/2025\/09\/1000027461-240x300.jpg 240w, https:\/\/bebeglee.com\/wp-content\/uploads\/2025\/09\/1000027461-819x1024.jpg 819w, https:\/\/bebeglee.com\/wp-content\/uploads\/2025\/09\/1000027461-768x960.jpg 768w, https:\/\/bebeglee.com\/wp-content\/uploads\/2025\/09\/1000027461-600x750.jpg 600w, https:\/\/bebeglee.com\/wp-content\/uploads\/2025\/09\/1000027461.jpg 1080w\" sizes=\"(max-width: 300px) 100vw, 300px\" \/>\n\t\t\t\t\t\n\t\t\t\t<\/a><div class=\"wc-block-grid__product-onsale\">\n\t\t\t<span aria-hidden=\"true\">\u0130ndirim<\/span>\n\t\t\t<span class=\"screen-reader-text\">\u0130ndirimdeki \u00fcr\u00fcn<\/span>\n\t\t<\/div>\n\t\t\t\t<div class=\"product-details content-bg entry-content-wrap\">\n\t\t\t\t\t<a href=\"https:\/\/bebeglee.com\/?product=kiz-bebek-takimi-triko-ust-rahat-pantolon-ve-cicekli-mini-canta\" class=\"wc-block-grid__product-title-link\">\n\t\t\t\t\t\t<div class=\"wc-block-grid__product-title\">K\u0131z Bebek Tak\u0131m\u0131 \u2013 Triko \u00dcst, Rahat Pantolon ve \u00c7i\u00e7ekli Mini \u00c7anta<\/div>\n\t\t\t\t\t<\/a>\n\t\t\t\t\t\n\t\t\t\t\t<div class=\"wc-block-grid__product-price price\"><del aria-hidden=\"true\"><span class=\"woocommerce-Price-amount amount\">1,399.00<span class=\"woocommerce-Price-currencySymbol\">&#8378;<\/span><\/span><\/del> <span class=\"screen-reader-text\">Orijinal fiyat: 1,399.00&#8378;.<\/span><ins aria-hidden=\"true\"><span class=\"woocommerce-Price-amount amount\">1,099.00<span class=\"woocommerce-Price-currencySymbol\">&#8378;<\/span><\/span><\/ins><span class=\"screen-reader-text\">\u015eu andaki fiyat: 1,099.00&#8378;.<\/span><\/div>\n\t\t\t\t\t<div class=\"wp-block-button wc-block-grid__product-add-to-cart\"><a href=\"https:\/\/bebeglee.com\/?product=kiz-bebek-takimi-triko-ust-rahat-pantolon-ve-cicekli-mini-canta\" aria-label=\"&ldquo;K\u0131z Bebek Tak\u0131m\u0131 \u2013 Triko \u00dcst, Rahat Pantolon ve \u00c7i\u00e7ekli Mini \u00c7anta&rdquo; i\u00e7in se\u00e7enekleri se\u00e7in\" data-quantity=\"1\" data-product_id=\"2001\" data-product_sku=\"\" rel=\"nofollow\" class=\"wp-block-button__link add_to_cart_button\">Se\u00e7enekler<span class=\"kadence-svg-iconset svg-baseline\"><svg class=\"kadence-svg-icon kadence-spinner-svg\" fill=\"currentColor\" version=\"1.1\" xmlns=\"http:\/\/www.w3.org\/2000\/svg\" width=\"16\" height=\"16\" viewBox=\"0 0 16 16\"><title>Loading<\/title><path d=\"M16 6h-6l2.243-2.243c-1.133-1.133-2.64-1.757-4.243-1.757s-3.109 0.624-4.243 1.757c-1.133 1.133-1.757 2.64-1.757 4.243s0.624 3.109 1.757 4.243c1.133 1.133 2.64 1.757 4.243 1.757s3.109-0.624 4.243-1.757c0.095-0.095 0.185-0.192 0.273-0.292l1.505 1.317c-1.466 1.674-3.62 2.732-6.020 2.732-4.418 0-8-3.582-8-8s3.582-8 8-8c2.209 0 4.209 0.896 5.656 2.344l2.343-2.344v6z\"><\/path>\n\t\t\t\t<\/svg><\/span><span class=\"kadence-svg-iconset svg-baseline\"><svg class=\"kadence-svg-icon kadence-check-svg\" fill=\"currentColor\" version=\"1.1\" xmlns=\"http:\/\/www.w3.org\/2000\/svg\" width=\"16\" height=\"16\" viewBox=\"0 0 16 16\"><title>Done<\/title><path d=\"M14 2.5l-8.5 8.5-3.5-3.5-1.5 1.5 5 5 10-10z\"><\/path>\n\t\t\t\t<\/svg><\/span><\/a><\/div>\n\t\t\t\t<\/div>\n\t\t\t<\/li><\/ul><\/div><\/div>\n<\/div>\n\t\t\t\t\t\t\t\t<\/div>\n\t\t\t\t<\/div>\n\t\t\t\t\t<\/div>\n\t\t\t\t<\/div>\n\t\t<div class=\"elementor-element elementor-element-1a68c42 e-flex e-con-boxed e-con e-parent\" data-id=\"1a68c42\" data-element_type=\"container\">\n\t\t\t\t\t<div class=\"e-con-inner\">\n\t\t\t\t\t<\/div>\n\t\t\t\t<\/div>\n\t\t<div class=\"elementor-element elementor-element-de3f079 e-flex e-con-boxed e-con e-parent\" data-id=\"de3f079\" data-element_type=\"container\">\n\t\t\t\t\t<div class=\"e-con-inner\">\n\t\t\t\t\t<\/div>\n\t\t\t\t<\/div>\n\t\t\t\t<\/div>\n\t\t","protected":false},"excerpt":{"rendered":"","protected":false},"author":1,"featured_media":0,"parent":0,"menu_order":1,"comment_status":"closed","ping_status":"closed","template":"elementor_theme","meta":{"_kad_post_transparent":"","_kad_post_title":"","_kad_post_layout":"","_kad_post_sidebar_id":"","_kad_post_content_style":"","_kad_post_vertical_padding":"","_kad_post_feature":"","_kad_post_feature_position":"","_kad_post_header":false,"_kad_post_footer":false,"footnotes":""},"class_list":["post-7","page","type-page","status-publish","hentry"],"yoast_head":"<!-- This site is optimized with the Yoast SEO plugin v26.3 - https:\/\/yoast.com\/wordpress\/plugins\/seo\/ -->\n<title>Sepet - BEBEGLEE<\/title>\n<meta name=\"robots\" content=\"index, follow, max-snippet:-1, max-image-preview:large, max-video-preview:-1\" \/>\n<link rel=\"canonical\" href=\"https:\/\/bebeglee.com\/?page_id=7\" \/>\n<meta property=\"og:locale\" content=\"tr_TR\" \/>\n<meta property=\"og:type\" content=\"article\" \/>\n<meta property=\"og:title\" content=\"Sepet - BEBEGLEE\" \/>\n<meta property=\"og:url\" content=\"https:\/\/bebeglee.com\/?page_id=7\" \/>\n<meta property=\"og:site_name\" content=\"BEBEGLEE\" \/>\n<meta property=\"article:modified_time\" content=\"2025-05-07T19:54:35+00:00\" \/>\n<meta property=\"og:image\" content=\"https:\/\/bebeglee.com\/wp-content\/uploads\/2025\/08\/BEBEGLEE.jpg\" \/>\n\t<meta property=\"og:image:width\" content=\"776\" \/>\n\t<meta property=\"og:image:height\" content=\"776\" \/>\n\t<meta property=\"og:image:type\" content=\"image\/jpeg\" \/>\n<meta name=\"twitter:card\" content=\"summary_large_image\" \/>\n<script type=\"application\/ld+json\" class=\"yoast-schema-graph\">{\"@context\":\"https:\/\/schema.org\",\"@graph\":[{\"@type\":\"WebPage\",\"@id\":\"https:\/\/bebeglee.com\/?page_id=7\",\"url\":\"https:\/\/bebeglee.com\/?page_id=7\",\"name\":\"Sepet - BEBEGLEE\",\"isPartOf\":{\"@id\":\"https:\/\/bebeglee.com\/#website\"},\"datePublished\":\"2025-02-09T17:39:15+00:00\",\"dateModified\":\"2025-05-07T19:54:35+00:00\",\"breadcrumb\":{\"@id\":\"https:\/\/bebeglee.com\/?page_id=7#breadcrumb\"},\"inLanguage\":\"tr\",\"potentialAction\":[{\"@type\":\"ReadAction\",\"target\":[\"https:\/\/bebeglee.com\/?page_id=7\"]}]},{\"@type\":\"BreadcrumbList\",\"@id\":\"https:\/\/bebeglee.com\/?page_id=7#breadcrumb\",\"itemListElement\":[{\"@type\":\"ListItem\",\"position\":1,\"name\":\"Anasayfa\",\"item\":\"https:\/\/bebeglee.com\/\"},{\"@type\":\"ListItem\",\"position\":2,\"name\":\"Sepet\"}]},{\"@type\":\"WebSite\",\"@id\":\"https:\/\/bebeglee.com\/#website\",\"url\":\"https:\/\/bebeglee.com\/\",\"name\":\"BEBEGLEE\",\"description\":\"Miniklerin Mutlulu\u011fu \u0130\u00e7in...\",\"publisher\":{\"@id\":\"https:\/\/bebeglee.com\/#organization\"},\"potentialAction\":[{\"@type\":\"SearchAction\",\"target\":{\"@type\":\"EntryPoint\",\"urlTemplate\":\"https:\/\/bebeglee.com\/?s={search_term_string}\"},\"query-input\":{\"@type\":\"PropertyValueSpecification\",\"valueRequired\":true,\"valueName\":\"search_term_string\"}}],\"inLanguage\":\"tr\"},{\"@type\":\"Organization\",\"@id\":\"https:\/\/bebeglee.com\/#organization\",\"name\":\"BEBEGLEE\",\"url\":\"https:\/\/bebeglee.com\/\",\"logo\":{\"@type\":\"ImageObject\",\"inLanguage\":\"tr\",\"@id\":\"https:\/\/bebeglee.com\/#\/schema\/logo\/image\/\",\"url\":\"https:\/\/bebeglee.com\/wp-content\/uploads\/2025\/11\/cropped-Adsiz-tasarim-2025-11-09T000159.593.png\",\"contentUrl\":\"https:\/\/bebeglee.com\/wp-content\/uploads\/2025\/11\/cropped-Adsiz-tasarim-2025-11-09T000159.593.png\",\"width\":2158,\"height\":2097,\"caption\":\"BEBEGLEE\"},\"image\":{\"@id\":\"https:\/\/bebeglee.com\/#\/schema\/logo\/image\/\"},\"sameAs\":[\"https:\/\/www.trendyol.com\/magaza\/bebeglee-m-1111154?sst=0\",\"https:\/\/www.hepsiburada.com\/magaza\/bebeglee\",\"https:\/\/www.instagram.com\/bebe.glee\/\"]}]}<\/script>\n<!-- \/ Yoast SEO plugin. -->","yoast_head_json":{"title":"Sepet - BEBEGLEE","robots":{"index":"index","follow":"follow","max-snippet":"max-snippet:-1","max-image-preview":"max-image-preview:large","max-video-preview":"max-video-preview:-1"},"canonical":"https:\/\/bebeglee.com\/?page_id=7","og_locale":"tr_TR","og_type":"article","og_title":"Sepet - BEBEGLEE","og_url":"https:\/\/bebeglee.com\/?page_id=7","og_site_name":"BEBEGLEE","article_modified_time":"2025-05-07T19:54:35+00:00","og_image":[{"width":776,"height":776,"url":"https:\/\/bebeglee.com\/wp-content\/uploads\/2025\/08\/BEBEGLEE.jpg","type":"image\/jpeg"}],"twitter_card":"summary_large_image","schema":{"@context":"https:\/\/schema.org","@graph":[{"@type":"WebPage","@id":"https:\/\/bebeglee.com\/?page_id=7","url":"https:\/\/bebeglee.com\/?page_id=7","name":"Sepet - BEBEGLEE","isPartOf":{"@id":"https:\/\/bebeglee.com\/#website"},"datePublished":"2025-02-09T17:39:15+00:00","dateModified":"2025-05-07T19:54:35+00:00","breadcrumb":{"@id":"https:\/\/bebeglee.com\/?page_id=7#breadcrumb"},"inLanguage":"tr","potentialAction":[{"@type":"ReadAction","target":["https:\/\/bebeglee.com\/?page_id=7"]}]},{"@type":"BreadcrumbList","@id":"https:\/\/bebeglee.com\/?page_id=7#breadcrumb","itemListElement":[{"@type":"ListItem","position":1,"name":"Anasayfa","item":"https:\/\/bebeglee.com\/"},{"@type":"ListItem","position":2,"name":"Sepet"}]},{"@type":"WebSite","@id":"https:\/\/bebeglee.com\/#website","url":"https:\/\/bebeglee.com\/","name":"BEBEGLEE","description":"Miniklerin Mutlulu\u011fu \u0130\u00e7in...","publisher":{"@id":"https:\/\/bebeglee.com\/#organization"},"potentialAction":[{"@type":"SearchAction","target":{"@type":"EntryPoint","urlTemplate":"https:\/\/bebeglee.com\/?s={search_term_string}"},"query-input":{"@type":"PropertyValueSpecification","valueRequired":true,"valueName":"search_term_string"}}],"inLanguage":"tr"},{"@type":"Organization","@id":"https:\/\/bebeglee.com\/#organization","name":"BEBEGLEE","url":"https:\/\/bebeglee.com\/","logo":{"@type":"ImageObject","inLanguage":"tr","@id":"https:\/\/bebeglee.com\/#\/schema\/logo\/image\/","url":"https:\/\/bebeglee.com\/wp-content\/uploads\/2025\/11\/cropped-Adsiz-tasarim-2025-11-09T000159.593.png","contentUrl":"https:\/\/bebeglee.com\/wp-content\/uploads\/2025\/11\/cropped-Adsiz-tasarim-2025-11-09T000159.593.png","width":2158,"height":2097,"caption":"BEBEGLEE"},"image":{"@id":"https:\/\/bebeglee.com\/#\/schema\/logo\/image\/"},"sameAs":["https:\/\/www.trendyol.com\/magaza\/bebeglee-m-1111154?sst=0","https:\/\/www.hepsiburada.com\/magaza\/bebeglee","https:\/\/www.instagram.com\/bebe.glee\/"]}]}},"jetpack_sharing_enabled":true,"_links":{"self":[{"href":"https:\/\/bebeglee.com\/index.php?rest_route=\/wp\/v2\/pages\/7","targetHints":{"allow":["GET"]}}],"collection":[{"href":"https:\/\/bebeglee.com\/index.php?rest_route=\/wp\/v2\/pages"}],"about":[{"href":"https:\/\/bebeglee.com\/index.php?rest_route=\/wp\/v2\/types\/page"}],"author":[{"embeddable":true,"href":"https:\/\/bebeglee.com\/index.php?rest_route=\/wp\/v2\/users\/1"}],"replies":[{"embeddable":true,"href":"https:\/\/bebeglee.com\/index.php?rest_route=%2Fwp%2Fv2%2Fcomments&post=7"}],"version-history":[{"count":82,"href":"https:\/\/bebeglee.com\/index.php?rest_route=\/wp\/v2\/pages\/7\/revisions"}],"predecessor-version":[{"id":1523,"href":"https:\/\/bebeglee.com\/index.php?rest_route=\/wp\/v2\/pages\/7\/revisions\/1523"}],"wp:attachment":[{"href":"https:\/\/bebeglee.com\/index.php?rest_route=%2Fwp%2Fv2%2Fmedia&parent=7"}],"curies":[{"name":"wp","href":"https:\/\/api.w.org\/{rel}","templated":true}]}}