{"id":603,"date":"2025-03-08T23:11:04","date_gmt":"2025-03-08T23:11:04","guid":{"rendered":"https:\/\/bebeglee.com\/?page_id=603"},"modified":"2025-03-08T23:28:53","modified_gmt":"2025-03-08T23:28:53","slug":"hakkimizda","status":"publish","type":"page","link":"https:\/\/bebeglee.com\/?page_id=603","title":{"rendered":"Hakk\u0131m\u0131zda"},"content":{"rendered":"\t\t<div data-elementor-type=\"wp-page\" data-elementor-id=\"603\" class=\"elementor elementor-603\">\n\t\t\t\t<div class=\"elementor-element elementor-element-8c49ebc e-flex e-con-boxed e-con e-parent\" data-id=\"8c49ebc\" data-element_type=\"container\">\n\t\t\t\t\t<div class=\"e-con-inner\">\n\t\t\t\t<div class=\"elementor-element elementor-element-d810868 elementor-widget elementor-widget-image\" data-id=\"d810868\" data-element_type=\"widget\" data-widget_type=\"image.default\">\n\t\t\t\t<div class=\"elementor-widget-container\">\n\t\t\t\t\t\t\t\t\t\t\t\t\t\t\t<img decoding=\"async\" width=\"150\" height=\"150\" src=\"https:\/\/bebeglee.com\/wp-content\/uploads\/2025\/03\/BEBEGLEE-150x150.jpg\" class=\"attachment-thumbnail size-thumbnail wp-image-607\" alt=\"\" srcset=\"https:\/\/bebeglee.com\/wp-content\/uploads\/2025\/03\/BEBEGLEE-150x150.jpg 150w, https:\/\/bebeglee.com\/wp-content\/uploads\/2025\/03\/BEBEGLEE-300x300.jpg 300w, https:\/\/bebeglee.com\/wp-content\/uploads\/2025\/03\/BEBEGLEE-768x768.jpg 768w, https:\/\/bebeglee.com\/wp-content\/uploads\/2025\/03\/BEBEGLEE-600x600.jpg 600w, https:\/\/bebeglee.com\/wp-content\/uploads\/2025\/03\/BEBEGLEE-100x100.jpg 100w, https:\/\/bebeglee.com\/wp-content\/uploads\/2025\/03\/BEBEGLEE.jpg 776w\" sizes=\"(max-width: 150px) 100vw, 150px\" \/>\t\t\t\t\t\t\t\t\t\t\t\t\t\t\t<\/div>\n\t\t\t\t<\/div>\n\t\t\t\t\t<\/div>\n\t\t\t\t<\/div>\n\t\t<div class=\"elementor-element elementor-element-8c8bebf e-flex e-con-boxed e-con e-parent\" data-id=\"8c8bebf\" data-element_type=\"container\">\n\t\t\t\t\t<div class=\"e-con-inner\">\n\t\t\t\t<div class=\"elementor-element elementor-element-da1ec1e elementor-widget elementor-widget-text-editor\" data-id=\"da1ec1e\" data-element_type=\"widget\" data-widget_type=\"text-editor.default\">\n\t\t\t\t<div class=\"elementor-widget-container\">\n\t\t\t\t\t\t\t\t\t<p>Merhaba! BebeGlee&#8217;ye ho\u015f geldin!\u00a0\ud83c\udf38<\/p>\n<p>Ben Bet\u00fcl, bir anneyim ve bu marka tam da annelik yolculu\u011fumun i\u00e7inde do\u011fdu. K\u0131z\u0131m Nefes\u2019in d\u00fcnyaya gelmesiyle birlikte, onun i\u00e7in en rahat, en sevimli ve en kaliteli k\u0131yafetleri bulmaya \u00e7al\u0131\u015f\u0131rken asl\u0131nda ne kadar s\u0131n\u0131rl\u0131 se\u00e7enekler oldu\u011funu fark ettim. \u0130\u015fte o an, sadece kendi \u00e7ocu\u011fum i\u00e7in de\u011fil, t\u00fcm annelerin i\u00e7ini rahat ettirecek bir \u00e7ocuk giyim markas\u0131 olu\u015fturma fikri do\u011fdu.\u00a0\ud83e\uddf8\ud83c\udf80<\/p>\n<p>BebeGlee, \u00e7ocuklar\u0131n hem rahat hem de \u015f\u0131k olabilece\u011fini kan\u0131tlayan bir marka. Kuma\u015flar\u0131m\u0131z\u0131 \u00f6zenle se\u00e7iyor, her bir \u00fcr\u00fcn\u00fcn minikler i\u00e7in yumu\u015fac\u0131k ve g\u00fcvenilir olmas\u0131na dikkat ediyoruz. Kendi \u00e7ocu\u011fuma g\u00f6n\u00fcl rahatl\u0131\u011f\u0131yla giydirmeyece\u011fim hi\u00e7bir \u00fcr\u00fcn\u00fc burada bulamazs\u0131n!\u00a0\ud83c\udff5\ufe0f<\/p>\n<p>Ayr\u0131ca, bir anne olarak biliyorum ki, annelik sadece g\u00fczel anlardan ibaret de\u011fil. Yorucu, bazen kaotik ama bir o kadar da keyifli bir ser\u00fcven! \u0130\u015fte bu y\u00fczden BebeGlee sadece bir ma\u011faza de\u011fil, ayn\u0131 zamanda annelerin kendilerini iyi hissedece\u011fi, i\u00e7ten ve samimi bir topluluk olmay\u0131 da hedefliyor.\u00a0\ud83d\udc90\ud83d\udc90<\/p>\n<p>Sen de bu yolculu\u011fun bir par\u00e7as\u0131 olmaya haz\u0131r m\u0131s\u0131n? O zaman BebeGlee\u2019yi ke\u015ffet ve miniklerin i\u00e7in en tatl\u0131 se\u00e7imleri yap!\u00a0\ud83d\udc1e<\/p>\n<p>Sevgiler,<br \/>Bet\u00fcl\u00a0\ud83d\udc95<\/p>\t\t\t\t\t\t\t\t<\/div>\n\t\t\t\t<\/div>\n\t\t\t\t\t<\/div>\n\t\t\t\t<\/div>\n\t\t<div class=\"elementor-element elementor-element-8c07e3f e-flex e-con-boxed e-con e-parent\" data-id=\"8c07e3f\" data-element_type=\"container\">\n\t\t\t\t\t<div class=\"e-con-inner\">\n\t\t\t\t<div class=\"elementor-element elementor-element-fe60249 elementor-widget elementor-widget-image\" data-id=\"fe60249\" data-element_type=\"widget\" data-widget_type=\"image.default\">\n\t\t\t\t<div class=\"elementor-widget-container\">\n\t\t\t\t\t\t\t\t\t\t\t\t\t\t\t<img decoding=\"async\" width=\"300\" height=\"76\" src=\"https:\/\/bebeglee.com\/wp-content\/uploads\/2025\/03\/Ekran-goruntusu-2025-03-09-022515-300x76.png\" class=\"attachment-medium size-medium wp-image-614\" alt=\"\" srcset=\"https:\/\/bebeglee.com\/wp-content\/uploads\/2025\/03\/Ekran-goruntusu-2025-03-09-022515-300x76.png 300w, https:\/\/bebeglee.com\/wp-content\/uploads\/2025\/03\/Ekran-goruntusu-2025-03-09-022515-1024x259.png 1024w, https:\/\/bebeglee.com\/wp-content\/uploads\/2025\/03\/Ekran-goruntusu-2025-03-09-022515-768x194.png 768w, https:\/\/bebeglee.com\/wp-content\/uploads\/2025\/03\/Ekran-goruntusu-2025-03-09-022515-600x152.png 600w, https:\/\/bebeglee.com\/wp-content\/uploads\/2025\/03\/Ekran-goruntusu-2025-03-09-022515.png 1081w\" sizes=\"(max-width: 300px) 100vw, 300px\" \/>\t\t\t\t\t\t\t\t\t\t\t\t\t\t\t<\/div>\n\t\t\t\t<\/div>\n\t\t\t\t\t<\/div>\n\t\t\t\t<\/div>\n\t\t\t\t<\/div>\n\t\t","protected":false},"excerpt":{"rendered":"<p>Merhaba! BebeGlee&#8217;ye ho\u015f geldin!\u00a0\ud83c\udf38 Ben Bet\u00fcl, bir anneyim ve bu marka tam da annelik yolculu\u011fumun i\u00e7inde do\u011fdu. K\u0131z\u0131m Nefes\u2019in d\u00fcnyaya gelmesiyle birlikte, onun i\u00e7in en rahat, en sevimli ve en kaliteli k\u0131yafetleri bulmaya \u00e7al\u0131\u015f\u0131rken asl\u0131nda ne kadar s\u0131n\u0131rl\u0131 se\u00e7enekler oldu\u011funu fark ettim. \u0130\u015fte o an, sadece kendi \u00e7ocu\u011fum i\u00e7in de\u011fil, t\u00fcm annelerin i\u00e7ini rahat ettirecek&#8230;<\/p>\n","protected":false},"author":1,"featured_media":0,"parent":0,"menu_order":0,"comment_status":"closed","ping_status":"closed","template":"","meta":{"_kad_post_transparent":"","_kad_post_title":"hide","_kad_post_layout":"fullwidth","_kad_post_sidebar_id":"","_kad_post_content_style":"unboxed","_kad_post_vertical_padding":"hide","_kad_post_feature":"hide","_kad_post_feature_position":"","_kad_post_header":false,"_kad_post_footer":false,"footnotes":""},"class_list":["post-603","page","type-page","status-publish","hentry"],"yoast_head":"<!-- This site is optimized with the Yoast SEO plugin v26.3 - https:\/\/yoast.com\/wordpress\/plugins\/seo\/ -->\n<title>Hakk\u0131m\u0131zda - BEBEGLEE<\/title>\n<meta name=\"robots\" content=\"index, follow, max-snippet:-1, max-image-preview:large, max-video-preview:-1\" \/>\n<link rel=\"canonical\" href=\"https:\/\/bebeglee.com\/?page_id=603\" \/>\n<meta property=\"og:locale\" content=\"tr_TR\" \/>\n<meta property=\"og:type\" content=\"article\" \/>\n<meta property=\"og:title\" content=\"Hakk\u0131m\u0131zda - BEBEGLEE\" \/>\n<meta property=\"og:description\" content=\"Merhaba! BebeGlee&#8217;ye ho\u015f geldin!\u00a0\ud83c\udf38 Ben Bet\u00fcl, bir anneyim ve bu marka tam da annelik yolculu\u011fumun i\u00e7inde do\u011fdu. K\u0131z\u0131m Nefes\u2019in d\u00fcnyaya gelmesiyle birlikte, onun i\u00e7in en rahat, en sevimli ve en kaliteli k\u0131yafetleri bulmaya \u00e7al\u0131\u015f\u0131rken asl\u0131nda ne kadar s\u0131n\u0131rl\u0131 se\u00e7enekler oldu\u011funu fark ettim. \u0130\u015fte o an, sadece kendi \u00e7ocu\u011fum i\u00e7in de\u011fil, t\u00fcm annelerin i\u00e7ini rahat ettirecek...\" \/>\n<meta property=\"og:url\" content=\"https:\/\/bebeglee.com\/?page_id=603\" \/>\n<meta property=\"og:site_name\" content=\"BEBEGLEE\" \/>\n<meta property=\"article:modified_time\" content=\"2025-03-08T23:28:53+00:00\" \/>\n<meta property=\"og:image\" content=\"https:\/\/bebeglee.com\/wp-content\/uploads\/2025\/03\/BEBEGLEE-150x150.jpg\" \/>\n<meta name=\"twitter:card\" content=\"summary_large_image\" \/>\n<meta name=\"twitter:label1\" content=\"Tahmini okuma s\u00fcresi\" \/>\n\t<meta name=\"twitter:data1\" content=\"1 dakika\" \/>\n<script type=\"application\/ld+json\" class=\"yoast-schema-graph\">{\"@context\":\"https:\/\/schema.org\",\"@graph\":[{\"@type\":\"WebPage\",\"@id\":\"https:\/\/bebeglee.com\/?page_id=603\",\"url\":\"https:\/\/bebeglee.com\/?page_id=603\",\"name\":\"Hakk\u0131m\u0131zda - BEBEGLEE\",\"isPartOf\":{\"@id\":\"https:\/\/bebeglee.com\/#website\"},\"primaryImageOfPage\":{\"@id\":\"https:\/\/bebeglee.com\/?page_id=603#primaryimage\"},\"image\":{\"@id\":\"https:\/\/bebeglee.com\/?page_id=603#primaryimage\"},\"thumbnailUrl\":\"https:\/\/bebeglee.com\/wp-content\/uploads\/2025\/03\/BEBEGLEE-150x150.jpg\",\"datePublished\":\"2025-03-08T23:11:04+00:00\",\"dateModified\":\"2025-03-08T23:28:53+00:00\",\"breadcrumb\":{\"@id\":\"https:\/\/bebeglee.com\/?page_id=603#breadcrumb\"},\"inLanguage\":\"tr\",\"potentialAction\":[{\"@type\":\"ReadAction\",\"target\":[\"https:\/\/bebeglee.com\/?page_id=603\"]}]},{\"@type\":\"ImageObject\",\"inLanguage\":\"tr\",\"@id\":\"https:\/\/bebeglee.com\/?page_id=603#primaryimage\",\"url\":\"https:\/\/bebeglee.com\/wp-content\/uploads\/2025\/03\/BEBEGLEE.jpg\",\"contentUrl\":\"https:\/\/bebeglee.com\/wp-content\/uploads\/2025\/03\/BEBEGLEE.jpg\",\"width\":776,\"height\":776},{\"@type\":\"BreadcrumbList\",\"@id\":\"https:\/\/bebeglee.com\/?page_id=603#breadcrumb\",\"itemListElement\":[{\"@type\":\"ListItem\",\"position\":1,\"name\":\"Anasayfa\",\"item\":\"https:\/\/bebeglee.com\/\"},{\"@type\":\"ListItem\",\"position\":2,\"name\":\"Hakk\u0131m\u0131zda\"}]},{\"@type\":\"WebSite\",\"@id\":\"https:\/\/bebeglee.com\/#website\",\"url\":\"https:\/\/bebeglee.com\/\",\"name\":\"BEBEGLEE\",\"description\":\"Miniklerin Mutlulu\u011fu \u0130\u00e7in...\",\"publisher\":{\"@id\":\"https:\/\/bebeglee.com\/#organization\"},\"potentialAction\":[{\"@type\":\"SearchAction\",\"target\":{\"@type\":\"EntryPoint\",\"urlTemplate\":\"https:\/\/bebeglee.com\/?s={search_term_string}\"},\"query-input\":{\"@type\":\"PropertyValueSpecification\",\"valueRequired\":true,\"valueName\":\"search_term_string\"}}],\"inLanguage\":\"tr\"},{\"@type\":\"Organization\",\"@id\":\"https:\/\/bebeglee.com\/#organization\",\"name\":\"BEBEGLEE\",\"url\":\"https:\/\/bebeglee.com\/\",\"logo\":{\"@type\":\"ImageObject\",\"inLanguage\":\"tr\",\"@id\":\"https:\/\/bebeglee.com\/#\/schema\/logo\/image\/\",\"url\":\"https:\/\/bebeglee.com\/wp-content\/uploads\/2025\/11\/cropped-Adsiz-tasarim-2025-11-09T000159.593.png\",\"contentUrl\":\"https:\/\/bebeglee.com\/wp-content\/uploads\/2025\/11\/cropped-Adsiz-tasarim-2025-11-09T000159.593.png\",\"width\":2158,\"height\":2097,\"caption\":\"BEBEGLEE\"},\"image\":{\"@id\":\"https:\/\/bebeglee.com\/#\/schema\/logo\/image\/\"},\"sameAs\":[\"https:\/\/www.trendyol.com\/magaza\/bebeglee-m-1111154?sst=0\",\"https:\/\/www.hepsiburada.com\/magaza\/bebeglee\",\"https:\/\/www.instagram.com\/bebe.glee\/\"]}]}<\/script>\n<!-- \/ Yoast SEO plugin. -->","yoast_head_json":{"title":"Hakk\u0131m\u0131zda - BEBEGLEE","robots":{"index":"index","follow":"follow","max-snippet":"max-snippet:-1","max-image-preview":"max-image-preview:large","max-video-preview":"max-video-preview:-1"},"canonical":"https:\/\/bebeglee.com\/?page_id=603","og_locale":"tr_TR","og_type":"article","og_title":"Hakk\u0131m\u0131zda - BEBEGLEE","og_description":"Merhaba! BebeGlee&#8217;ye ho\u015f geldin!\u00a0\ud83c\udf38 Ben Bet\u00fcl, bir anneyim ve bu marka tam da annelik yolculu\u011fumun i\u00e7inde do\u011fdu. K\u0131z\u0131m Nefes\u2019in d\u00fcnyaya gelmesiyle birlikte, onun i\u00e7in en rahat, en sevimli ve en kaliteli k\u0131yafetleri bulmaya \u00e7al\u0131\u015f\u0131rken asl\u0131nda ne kadar s\u0131n\u0131rl\u0131 se\u00e7enekler oldu\u011funu fark ettim. \u0130\u015fte o an, sadece kendi \u00e7ocu\u011fum i\u00e7in de\u011fil, t\u00fcm annelerin i\u00e7ini rahat ettirecek...","og_url":"https:\/\/bebeglee.com\/?page_id=603","og_site_name":"BEBEGLEE","article_modified_time":"2025-03-08T23:28:53+00:00","og_image":[{"url":"https:\/\/bebeglee.com\/wp-content\/uploads\/2025\/03\/BEBEGLEE-150x150.jpg","type":"","width":"","height":""}],"twitter_card":"summary_large_image","twitter_misc":{"Tahmini okuma s\u00fcresi":"1 dakika"},"schema":{"@context":"https:\/\/schema.org","@graph":[{"@type":"WebPage","@id":"https:\/\/bebeglee.com\/?page_id=603","url":"https:\/\/bebeglee.com\/?page_id=603","name":"Hakk\u0131m\u0131zda - BEBEGLEE","isPartOf":{"@id":"https:\/\/bebeglee.com\/#website"},"primaryImageOfPage":{"@id":"https:\/\/bebeglee.com\/?page_id=603#primaryimage"},"image":{"@id":"https:\/\/bebeglee.com\/?page_id=603#primaryimage"},"thumbnailUrl":"https:\/\/bebeglee.com\/wp-content\/uploads\/2025\/03\/BEBEGLEE-150x150.jpg","datePublished":"2025-03-08T23:11:04+00:00","dateModified":"2025-03-08T23:28:53+00:00","breadcrumb":{"@id":"https:\/\/bebeglee.com\/?page_id=603#breadcrumb"},"inLanguage":"tr","potentialAction":[{"@type":"ReadAction","target":["https:\/\/bebeglee.com\/?page_id=603"]}]},{"@type":"ImageObject","inLanguage":"tr","@id":"https:\/\/bebeglee.com\/?page_id=603#primaryimage","url":"https:\/\/bebeglee.com\/wp-content\/uploads\/2025\/03\/BEBEGLEE.jpg","contentUrl":"https:\/\/bebeglee.com\/wp-content\/uploads\/2025\/03\/BEBEGLEE.jpg","width":776,"height":776},{"@type":"BreadcrumbList","@id":"https:\/\/bebeglee.com\/?page_id=603#breadcrumb","itemListElement":[{"@type":"ListItem","position":1,"name":"Anasayfa","item":"https:\/\/bebeglee.com\/"},{"@type":"ListItem","position":2,"name":"Hakk\u0131m\u0131zda"}]},{"@type":"WebSite","@id":"https:\/\/bebeglee.com\/#website","url":"https:\/\/bebeglee.com\/","name":"BEBEGLEE","description":"Miniklerin Mutlulu\u011fu \u0130\u00e7in...","publisher":{"@id":"https:\/\/bebeglee.com\/#organization"},"potentialAction":[{"@type":"SearchAction","target":{"@type":"EntryPoint","urlTemplate":"https:\/\/bebeglee.com\/?s={search_term_string}"},"query-input":{"@type":"PropertyValueSpecification","valueRequired":true,"valueName":"search_term_string"}}],"inLanguage":"tr"},{"@type":"Organization","@id":"https:\/\/bebeglee.com\/#organization","name":"BEBEGLEE","url":"https:\/\/bebeglee.com\/","logo":{"@type":"ImageObject","inLanguage":"tr","@id":"https:\/\/bebeglee.com\/#\/schema\/logo\/image\/","url":"https:\/\/bebeglee.com\/wp-content\/uploads\/2025\/11\/cropped-Adsiz-tasarim-2025-11-09T000159.593.png","contentUrl":"https:\/\/bebeglee.com\/wp-content\/uploads\/2025\/11\/cropped-Adsiz-tasarim-2025-11-09T000159.593.png","width":2158,"height":2097,"caption":"BEBEGLEE"},"image":{"@id":"https:\/\/bebeglee.com\/#\/schema\/logo\/image\/"},"sameAs":["https:\/\/www.trendyol.com\/magaza\/bebeglee-m-1111154?sst=0","https:\/\/www.hepsiburada.com\/magaza\/bebeglee","https:\/\/www.instagram.com\/bebe.glee\/"]}]}},"jetpack_sharing_enabled":true,"_links":{"self":[{"href":"https:\/\/bebeglee.com\/index.php?rest_route=\/wp\/v2\/pages\/603","targetHints":{"allow":["GET"]}}],"collection":[{"href":"https:\/\/bebeglee.com\/index.php?rest_route=\/wp\/v2\/pages"}],"about":[{"href":"https:\/\/bebeglee.com\/index.php?rest_route=\/wp\/v2\/types\/page"}],"author":[{"embeddable":true,"href":"https:\/\/bebeglee.com\/index.php?rest_route=\/wp\/v2\/users\/1"}],"replies":[{"embeddable":true,"href":"https:\/\/bebeglee.com\/index.php?rest_route=%2Fwp%2Fv2%2Fcomments&post=603"}],"version-history":[{"count":11,"href":"https:\/\/bebeglee.com\/index.php?rest_route=\/wp\/v2\/pages\/603\/revisions"}],"predecessor-version":[{"id":621,"href":"https:\/\/bebeglee.com\/index.php?rest_route=\/wp\/v2\/pages\/603\/revisions\/621"}],"wp:attachment":[{"href":"https:\/\/bebeglee.com\/index.php?rest_route=%2Fwp%2Fv2%2Fmedia&parent=603"}],"curies":[{"name":"wp","href":"https:\/\/api.w.org\/{rel}","templated":true}]}}