{"id":176,"date":"2025-02-25T20:57:55","date_gmt":"2025-02-25T20:57:55","guid":{"rendered":"https:\/\/bebeglee.com\/?page_id=176"},"modified":"2025-02-25T20:57:56","modified_gmt":"2025-02-25T20:57:56","slug":"mesafeli-satis-sozlesmesi","status":"publish","type":"page","link":"https:\/\/bebeglee.com\/?page_id=176","title":{"rendered":"Mesafeli Sat\u0131\u015f S\u00f6zle\u015fmesi"},"content":{"rendered":"\n<h3 class=\"wp-block-heading\"><\/h3>\n\n\n\n<h3 class=\"wp-block-heading\">1. TARAFLAR<\/h3>\n\n\n\n<p>\u0130\u015fbu S\u00f6zle\u015fme a\u015fa\u011f\u0131daki taraflar aras\u0131nda a\u015fa\u011f\u0131da belirtilen h\u00fck\u00fcm ve \u015fartlar \u00e7er\u00e7evesinde imzalanm\u0131\u015ft\u0131r.<\/p>\n\n\n\n<h4 class=\"wp-block-heading\">ALICI:<\/h4>\n\n\n\n<p>AD-SOYAD:<br>ADRES:<\/p>\n\n\n\n<h4 class=\"wp-block-heading\">SATICI:<\/h4>\n\n\n\n<p>AD-SOYAD:<br>ADRES:<\/p>\n\n\n\n<p>\u0130\u015f bu s\u00f6zle\u015fmeyi kabul etmekle ALICI, s\u00f6zle\u015fme konusu sipari\u015fi onaylad\u0131\u011f\u0131 takdirde sipari\u015f konusu bedeli ve varsa kargo \u00fccreti, vergi gibi belirtilen ek \u00fccretleri \u00f6deme y\u00fck\u00fcml\u00fcl\u00fc\u011f\u00fc alt\u0131na girece\u011fini ve bu konuda bilgilendirildi\u011fini pe\u015finen kabul eder.<\/p>\n\n\n\n<h3 class=\"wp-block-heading\">2. TANIMLAR<\/h3>\n\n\n\n<p>\u0130\u015fbu s\u00f6zle\u015fmenin uygulanmas\u0131nda ve yorumlanmas\u0131nda a\u015fa\u011f\u0131da yaz\u0131l\u0131 terimler kar\u015f\u0131lar\u0131ndaki yaz\u0131l\u0131 a\u00e7\u0131klamalar\u0131 ifade edeceklerdir.<\/p>\n\n\n\n<ul class=\"wp-block-list\">\n<li><strong>BAKAN:<\/strong>\u00a0G\u00fcmr\u00fck ve Ticaret Bakan\u0131\u2019n\u0131,<\/li>\n\n\n\n<li><strong>BAKANLIK:<\/strong>\u00a0G\u00fcmr\u00fck ve Ticaret Bakanl\u0131\u011f\u0131\u2019n\u0131,<\/li>\n\n\n\n<li><strong>KANUN:<\/strong>\u00a06502 say\u0131l\u0131 T\u00fcketicinin Korunmas\u0131 Hakk\u0131nda Kanun\u2019u,<\/li>\n\n\n\n<li><strong>Y\u00d6NETMEL\u0130K:<\/strong>\u00a0Mesafeli S\u00f6zle\u015fmeler Y\u00f6netmeli\u011fi\u2019ni,<\/li>\n\n\n\n<li><strong>H\u0130ZMET:<\/strong>\u00a0Bir \u00fccret veya menfaat kar\u015f\u0131l\u0131\u011f\u0131nda yap\u0131lan ya da yap\u0131lmas\u0131 taahh\u00fct edilen mal sa\u011flama d\u0131\u015f\u0131ndaki her t\u00fcrl\u00fc t\u00fcketici i\u015flemini,<\/li>\n\n\n\n<li><strong>SATICI:<\/strong>\u00a0Ticari veya mesleki faaliyetleri kapsam\u0131nda t\u00fcketiciye mal sunan veya mal sunan ad\u0131na veya hesab\u0131na hareket eden \u015firketi,<\/li>\n\n\n\n<li><strong>ALICI:<\/strong>\u00a0Bir mal veya hizmeti ticari veya mesleki olmayan ama\u00e7larla edinen, kullanan veya yararlanan ger\u00e7ek ya da t\u00fczel ki\u015fiyi,<\/li>\n\n\n\n<li><strong>S\u0130TE:<\/strong>\u00a0SATICI\u2019ya ait internet sitesini,<\/li>\n\n\n\n<li><strong>S\u0130PAR\u0130\u015e VEREN:<\/strong>\u00a0Bir mal veya hizmeti SATICI\u2019ya ait internet sitesi \u00fczerinden talep eden ger\u00e7ek ya da t\u00fczel ki\u015fiyi,<\/li>\n\n\n\n<li><strong>TARAFLAR:<\/strong>\u00a0SATICI ve ALICI\u2019y\u0131,<\/li>\n\n\n\n<li><strong>S\u00d6ZLE\u015eME:<\/strong>\u00a0SATICI ve ALICI aras\u0131nda akdedilen i\u015fbu s\u00f6zle\u015fmeyi,<\/li>\n\n\n\n<li><strong>MAL:<\/strong>\u00a0Al\u0131\u015fveri\u015fe konu olan ta\u015f\u0131n\u0131r e\u015fyay\u0131 ve elektronik ortamda kullan\u0131lmak \u00fczere haz\u0131rlanan yaz\u0131l\u0131m, ses, g\u00f6r\u00fcnt\u00fc ve benzeri gayri maddi mallar\u0131,<\/li>\n<\/ul>\n\n\n\n<h3 class=\"wp-block-heading\">3. KONU<\/h3>\n\n\n\n<p>\u0130\u015fbu S\u00f6zle\u015fme, ALICI\u2019n\u0131n, SATICI\u2019ya ait internet sitesi \u00fczerinden elektronik ortamda sipari\u015fini verdi\u011fi a\u015fa\u011f\u0131da nitelikleri ve sat\u0131\u015f fiyat\u0131 belirtilen \u00fcr\u00fcn\u00fcn sat\u0131\u015f\u0131 ve teslimi ile ilgili olarak 6502 say\u0131l\u0131 T\u00fcketicinin Korunmas\u0131 Hakk\u0131nda Kanun ve Mesafeli S\u00f6zle\u015fmelere Dair Y\u00f6netmelik h\u00fck\u00fcmleri gere\u011fince taraflar\u0131n hak ve y\u00fck\u00fcml\u00fcl\u00fcklerini d\u00fczenler.<\/p>\n\n\n\n<p>Listelenen ve sitede ilan edilen fiyatlar sat\u0131\u015f fiyat\u0131d\u0131r. \u0130lan edilen fiyatlar ve vaatler g\u00fcncelleme yap\u0131lana ve de\u011fi\u015ftirilene kadar ge\u00e7erlidir. S\u00fcreli olarak ilan edilen fiyatlar ise belirtilen s\u00fcre sonuna kadar ge\u00e7erlidir.<\/p>\n\n\n\n<h3 class=\"wp-block-heading\">4. SATICI B\u0130LG\u0130LER\u0130<\/h3>\n\n\n\n<p>\u00dcnvan\u0131:<br>Adres:<br>Telefon:<br>Faks:<br>Eposta:<\/p>\n\n\n\n<h3 class=\"wp-block-heading\">5. ALICI B\u0130LG\u0130LER\u0130<\/h3>\n\n\n\n<p>Teslim edilecek ki\u015fi:<br>Teslimat Adresi:<br>Telefon:<br>Eposta\/kullan\u0131c\u0131 ad\u0131:<\/p>\n\n\n\n<h3 class=\"wp-block-heading\">6. S\u0130PAR\u0130\u015e VEREN K\u0130\u015e\u0130 B\u0130LG\u0130LER\u0130<\/h3>\n\n\n\n<p>Ad\/Soyad\/Unvan:<br>Adres:<br>Telefon:<br>Eposta\/kullan\u0131c\u0131 ad\u0131:<\/p>\n\n\n\n<h3 class=\"wp-block-heading\">7. S\u00d6ZLE\u015eME KONUSU \u00dcR\u00dcN\/\u00dcR\u00dcNLER B\u0130LG\u0130LER\u0130<\/h3>\n\n\n\n<p>1. Mal\u0131n\/\u00dcr\u00fcn\/\u00dcr\u00fcnlerin\/Hizmetin temel \u00f6zelliklerini (t\u00fcr\u00fc, miktar\u0131, marka\/modeli, rengi, adedi) SATICI\u2019ya ait internet sitesinde yay\u0131nlanmaktad\u0131r. Sat\u0131c\u0131 taraf\u0131ndan kampanya d\u00fczenlenmi\u015f ise ilgili \u00fcr\u00fcn\u00fcn temel \u00f6zelliklerini kampanya s\u00fcresince inceleyebilirsiniz. Kampanya tarihine kadar ge\u00e7erlidir.<\/p>\n\n\n\n<h4 class=\"wp-block-heading\">7.2. Fiyatlar<\/h4>\n\n\n\n<p>Listelenen ve sitede ilan edilen fiyatlar sat\u0131\u015f fiyat\u0131d\u0131r. \u0130lan edilen fiyatlar ve vaatler g\u00fcncelleme yap\u0131lana ve de\u011fi\u015ftirilene kadar ge\u00e7erlidir. S\u00fcreli olarak ilan edilen fiyatlar ise belirtilen s\u00fcre sonuna kadar ge\u00e7erlidir.<\/p>\n\n\n\n<h4 class=\"wp-block-heading\">7.3. Vergiler ve \u00d6demeler<\/h4>\n\n\n\n<p>S\u00f6zle\u015fme konusu mal ya da hizmetin t\u00fcm vergiler d\u00e2hil sat\u0131\u015f fiyat\u0131 a\u015fa\u011f\u0131da g\u00f6sterilmi\u015ftir.<\/p>\n\n\n\n<figure class=\"wp-block-table\"><table class=\"has-fixed-layout\"><thead><tr><th>\u00dcr\u00fcn A\u00e7\u0131klamas\u0131<\/th><th>Adet<\/th><th>Birim Fiyat\u0131<\/th><th>Ara Toplam (KDV Dahil)<\/th><\/tr><\/thead><tbody><tr><td>\u00dcr\u00fcn 1<\/td><td>1<\/td><td>100.00 TL<\/td><td>100.00 TL<\/td><\/tr><\/tbody><\/table><\/figure>\n\n\n\n<p>Kargo Tutar\u0131: 20.00 TL<\/p>\n\n\n\n<p>Toplam: 120.00 TL<\/p>\n\n\n\n<h3 class=\"wp-block-heading\">8. FATURA B\u0130LG\u0130LER\u0130<\/h3>\n\n\n\n<p>Ad\/Soyad\/Unvan:<br>Adres:<br>Telefon:<br>Eposta\/kullan\u0131c\u0131 ad\u0131:<br>Fatura teslim: Fatura sipari\u015f teslimat\u0131 s\u0131ras\u0131nda fatura adresine sipari\u015f ile birlikte teslim edilecektir.<\/p>\n\n\n\n<h3 class=\"wp-block-heading\">9. GENEL H\u00dcK\u00dcMLER<\/h3>\n\n\n\n<h4 class=\"wp-block-heading\">9.1. Bilgilendirme ve Kabul<\/h4>\n\n\n\n<p>ALICI, SATICI\u2019ya ait internet sitesinde s\u00f6zle\u015fme konusu \u00fcr\u00fcn\u00fcn temel nitelikleri, sat\u0131\u015f fiyat\u0131 ve \u00f6deme \u015fekli ile teslimata ili\u015fkin \u00f6n bilgileri okuyup, bilgi sahibi oldu\u011funu, elektronik ortamda gerekli teyidi verdi\u011fini kabul, beyan ve taahh\u00fct eder.<\/p>\n\n\n\n<h4 class=\"wp-block-heading\">9.2. Teslim S\u00fcresi<\/h4>\n\n\n\n<p>S\u00f6zle\u015fme konusu her bir \u00fcr\u00fcn, 30 g\u00fcnl\u00fck yasal s\u00fcreyi a\u015fmamak kayd\u0131 ile ALICI\u2019n\u0131n yerle\u015fim yeri uzakl\u0131\u011f\u0131na ba\u011fl\u0131 olarak internet sitesindeki \u00f6n bilgiler k\u0131sm\u0131nda belirtilen s\u00fcre zarf\u0131nda teslim edilir.<\/p>\n\n\n\n<h3 class=\"wp-block-heading\">10. CAYMA HAKKI<\/h3>\n\n\n\n<p>ALICI, mesafeli s\u00f6zle\u015fmenin mal sat\u0131\u015f\u0131na ili\u015fkin olmas\u0131 durumunda, \u00fcr\u00fcn\u00fcn kendisine veya g\u00f6sterdi\u011fi adresteki ki\u015fi\/kurulu\u015fa teslim tarihinden itibaren 14 g\u00fcn i\u00e7erisinde, SATICI\u2019ya bildirmek \u015fart\u0131yla hi\u00e7bir gerek\u00e7e g\u00f6stermeksizin mal\u0131 reddederek s\u00f6zle\u015fmeden cayma hakk\u0131n\u0131 kullanabilir.<\/p>\n\n\n\n<h3 class=\"wp-block-heading\">11. CAYMA HAKKI KULLANILAMAYACAK \u00dcR\u00dcNLER<\/h3>\n\n\n\n<p>ALICI\u2019n\u0131n iste\u011fi veya a\u00e7\u0131k\u00e7a ki\u015fisel ihtiya\u00e7lar\u0131 do\u011frultusunda haz\u0131rlanan, i\u00e7 giyim alt par\u00e7alar\u0131, makyaj malzemeleri, tek kullan\u0131ml\u0131k \u00fcr\u00fcnler gibi \u00fcr\u00fcnler cayma hakk\u0131 kapsam\u0131 d\u0131\u015f\u0131nda kalmaktad\u0131r.<\/p>\n\n\n\n<h3 class=\"wp-block-heading\">12. TEMERR\u00dcT HAL\u0130 VE HUKUK\u0130 SONU\u00c7LARI<\/h3>\n\n\n\n<p>ALICI, \u00f6deme i\u015flemlerini kredi kart\u0131 ile yapt\u0131\u011f\u0131 durumda temerr\u00fcde d\u00fc\u015ft\u00fc\u011f\u00fc takdirde, kart sahibi banka ile aras\u0131ndaki kredi kart\u0131 s\u00f6zle\u015fmesi \u00e7er\u00e7evesinde faiz \u00f6deyece\u011fini ve bankaya kar\u015f\u0131 sorumlu olaca\u011f\u0131n\u0131 kabul, beyan ve taahh\u00fct eder.<\/p>\n\n\n\n<h3 class=\"wp-block-heading\">13. YETK\u0130L\u0130 MAHKEME<\/h3>\n\n\n\n<p>\u0130\u015fbu s\u00f6zle\u015fmeden do\u011fan uyu\u015fmazl\u0131klarda \u015fikayet ve itirazlar, t\u00fcketicinin yerle\u015fim yerinin bulundu\u011fu veya t\u00fcketici i\u015fleminin yap\u0131ld\u0131\u011f\u0131 yerdeki t\u00fcketici sorunlar\u0131 hakem heyetine veya t\u00fcketici mahkemesine yap\u0131lacakt\u0131r.<\/p>\n\n\n\n<h3 class=\"wp-block-heading\">14. Y\u00dcR\u00dcRL\u00dcK<\/h3>\n\n\n\n<p>ALICI, Site \u00fczerinden verdi\u011fi sipari\u015fe ait \u00f6demeyi ger\u00e7ekle\u015ftirdi\u011finde i\u015fbu s\u00f6zle\u015fmenin t\u00fcm \u015fartlar\u0131n\u0131 kabul etmi\u015f say\u0131l\u0131r.<\/p>\n","protected":false},"excerpt":{"rendered":"<p>1. TARAFLAR \u0130\u015fbu S\u00f6zle\u015fme a\u015fa\u011f\u0131daki taraflar aras\u0131nda a\u015fa\u011f\u0131da belirtilen h\u00fck\u00fcm ve \u015fartlar \u00e7er\u00e7evesinde imzalanm\u0131\u015ft\u0131r. ALICI: AD-SOYAD:ADRES: SATICI: AD-SOYAD:ADRES: \u0130\u015f bu s\u00f6zle\u015fmeyi kabul etmekle ALICI, s\u00f6zle\u015fme konusu sipari\u015fi onaylad\u0131\u011f\u0131 takdirde sipari\u015f konusu bedeli ve varsa kargo \u00fccreti, vergi gibi belirtilen ek \u00fccretleri \u00f6deme y\u00fck\u00fcml\u00fcl\u00fc\u011f\u00fc alt\u0131na girece\u011fini ve bu konuda bilgilendirildi\u011fini pe\u015finen kabul eder. 2. TANIMLAR \u0130\u015fbu&#8230;<\/p>\n","protected":false},"author":1,"featured_media":0,"parent":0,"menu_order":0,"comment_status":"closed","ping_status":"closed","template":"","meta":{"_kad_post_transparent":"","_kad_post_title":"","_kad_post_layout":"","_kad_post_sidebar_id":"","_kad_post_content_style":"","_kad_post_vertical_padding":"","_kad_post_feature":"","_kad_post_feature_position":"","_kad_post_header":false,"_kad_post_footer":false,"footnotes":""},"class_list":["post-176","page","type-page","status-publish","hentry"],"yoast_head":"<!-- This site is optimized with the Yoast SEO plugin v26.3 - https:\/\/yoast.com\/wordpress\/plugins\/seo\/ -->\n<title>Mesafeli Sat\u0131\u015f S\u00f6zle\u015fmesi - BEBEGLEE<\/title>\n<meta name=\"robots\" content=\"index, follow, max-snippet:-1, max-image-preview:large, max-video-preview:-1\" \/>\n<link rel=\"canonical\" href=\"https:\/\/bebeglee.com\/?page_id=176\" \/>\n<meta property=\"og:locale\" content=\"tr_TR\" \/>\n<meta property=\"og:type\" content=\"article\" \/>\n<meta property=\"og:title\" content=\"Mesafeli Sat\u0131\u015f S\u00f6zle\u015fmesi - BEBEGLEE\" \/>\n<meta property=\"og:description\" content=\"1. TARAFLAR \u0130\u015fbu S\u00f6zle\u015fme a\u015fa\u011f\u0131daki taraflar aras\u0131nda a\u015fa\u011f\u0131da belirtilen h\u00fck\u00fcm ve \u015fartlar \u00e7er\u00e7evesinde imzalanm\u0131\u015ft\u0131r. ALICI: AD-SOYAD:ADRES: SATICI: AD-SOYAD:ADRES: \u0130\u015f bu s\u00f6zle\u015fmeyi kabul etmekle ALICI, s\u00f6zle\u015fme konusu sipari\u015fi onaylad\u0131\u011f\u0131 takdirde sipari\u015f konusu bedeli ve varsa kargo \u00fccreti, vergi gibi belirtilen ek \u00fccretleri \u00f6deme y\u00fck\u00fcml\u00fcl\u00fc\u011f\u00fc alt\u0131na girece\u011fini ve bu konuda bilgilendirildi\u011fini pe\u015finen kabul eder. 2. TANIMLAR \u0130\u015fbu...\" \/>\n<meta property=\"og:url\" content=\"https:\/\/bebeglee.com\/?page_id=176\" \/>\n<meta property=\"og:site_name\" content=\"BEBEGLEE\" \/>\n<meta property=\"article:modified_time\" content=\"2025-02-25T20:57:56+00:00\" \/>\n<meta property=\"og:image\" content=\"https:\/\/bebeglee.com\/wp-content\/uploads\/2025\/08\/BEBEGLEE.jpg\" \/>\n\t<meta property=\"og:image:width\" content=\"776\" \/>\n\t<meta property=\"og:image:height\" content=\"776\" \/>\n\t<meta property=\"og:image:type\" content=\"image\/jpeg\" \/>\n<meta name=\"twitter:card\" content=\"summary_large_image\" \/>\n<meta name=\"twitter:label1\" content=\"Tahmini okuma s\u00fcresi\" \/>\n\t<meta name=\"twitter:data1\" content=\"5 dakika\" \/>\n<script type=\"application\/ld+json\" class=\"yoast-schema-graph\">{\"@context\":\"https:\/\/schema.org\",\"@graph\":[{\"@type\":\"WebPage\",\"@id\":\"https:\/\/bebeglee.com\/?page_id=176\",\"url\":\"https:\/\/bebeglee.com\/?page_id=176\",\"name\":\"Mesafeli Sat\u0131\u015f S\u00f6zle\u015fmesi - BEBEGLEE\",\"isPartOf\":{\"@id\":\"https:\/\/bebeglee.com\/#website\"},\"datePublished\":\"2025-02-25T20:57:55+00:00\",\"dateModified\":\"2025-02-25T20:57:56+00:00\",\"breadcrumb\":{\"@id\":\"https:\/\/bebeglee.com\/?page_id=176#breadcrumb\"},\"inLanguage\":\"tr\",\"potentialAction\":[{\"@type\":\"ReadAction\",\"target\":[\"https:\/\/bebeglee.com\/?page_id=176\"]}]},{\"@type\":\"BreadcrumbList\",\"@id\":\"https:\/\/bebeglee.com\/?page_id=176#breadcrumb\",\"itemListElement\":[{\"@type\":\"ListItem\",\"position\":1,\"name\":\"Anasayfa\",\"item\":\"https:\/\/bebeglee.com\/\"},{\"@type\":\"ListItem\",\"position\":2,\"name\":\"Mesafeli Sat\u0131\u015f S\u00f6zle\u015fmesi\"}]},{\"@type\":\"WebSite\",\"@id\":\"https:\/\/bebeglee.com\/#website\",\"url\":\"https:\/\/bebeglee.com\/\",\"name\":\"BEBEGLEE\",\"description\":\"Miniklerin Mutlulu\u011fu \u0130\u00e7in...\",\"publisher\":{\"@id\":\"https:\/\/bebeglee.com\/#organization\"},\"potentialAction\":[{\"@type\":\"SearchAction\",\"target\":{\"@type\":\"EntryPoint\",\"urlTemplate\":\"https:\/\/bebeglee.com\/?s={search_term_string}\"},\"query-input\":{\"@type\":\"PropertyValueSpecification\",\"valueRequired\":true,\"valueName\":\"search_term_string\"}}],\"inLanguage\":\"tr\"},{\"@type\":\"Organization\",\"@id\":\"https:\/\/bebeglee.com\/#organization\",\"name\":\"BEBEGLEE\",\"url\":\"https:\/\/bebeglee.com\/\",\"logo\":{\"@type\":\"ImageObject\",\"inLanguage\":\"tr\",\"@id\":\"https:\/\/bebeglee.com\/#\/schema\/logo\/image\/\",\"url\":\"https:\/\/bebeglee.com\/wp-content\/uploads\/2025\/11\/cropped-Adsiz-tasarim-2025-11-09T000159.593.png\",\"contentUrl\":\"https:\/\/bebeglee.com\/wp-content\/uploads\/2025\/11\/cropped-Adsiz-tasarim-2025-11-09T000159.593.png\",\"width\":2158,\"height\":2097,\"caption\":\"BEBEGLEE\"},\"image\":{\"@id\":\"https:\/\/bebeglee.com\/#\/schema\/logo\/image\/\"},\"sameAs\":[\"https:\/\/www.trendyol.com\/magaza\/bebeglee-m-1111154?sst=0\",\"https:\/\/www.hepsiburada.com\/magaza\/bebeglee\",\"https:\/\/www.instagram.com\/bebe.glee\/\"]}]}<\/script>\n<!-- \/ Yoast SEO plugin. -->","yoast_head_json":{"title":"Mesafeli Sat\u0131\u015f S\u00f6zle\u015fmesi - BEBEGLEE","robots":{"index":"index","follow":"follow","max-snippet":"max-snippet:-1","max-image-preview":"max-image-preview:large","max-video-preview":"max-video-preview:-1"},"canonical":"https:\/\/bebeglee.com\/?page_id=176","og_locale":"tr_TR","og_type":"article","og_title":"Mesafeli Sat\u0131\u015f S\u00f6zle\u015fmesi - BEBEGLEE","og_description":"1. TARAFLAR \u0130\u015fbu S\u00f6zle\u015fme a\u015fa\u011f\u0131daki taraflar aras\u0131nda a\u015fa\u011f\u0131da belirtilen h\u00fck\u00fcm ve \u015fartlar \u00e7er\u00e7evesinde imzalanm\u0131\u015ft\u0131r. ALICI: AD-SOYAD:ADRES: SATICI: AD-SOYAD:ADRES: \u0130\u015f bu s\u00f6zle\u015fmeyi kabul etmekle ALICI, s\u00f6zle\u015fme konusu sipari\u015fi onaylad\u0131\u011f\u0131 takdirde sipari\u015f konusu bedeli ve varsa kargo \u00fccreti, vergi gibi belirtilen ek \u00fccretleri \u00f6deme y\u00fck\u00fcml\u00fcl\u00fc\u011f\u00fc alt\u0131na girece\u011fini ve bu konuda bilgilendirildi\u011fini pe\u015finen kabul eder. 2. TANIMLAR \u0130\u015fbu...","og_url":"https:\/\/bebeglee.com\/?page_id=176","og_site_name":"BEBEGLEE","article_modified_time":"2025-02-25T20:57:56+00:00","og_image":[{"width":776,"height":776,"url":"https:\/\/bebeglee.com\/wp-content\/uploads\/2025\/08\/BEBEGLEE.jpg","type":"image\/jpeg"}],"twitter_card":"summary_large_image","twitter_misc":{"Tahmini okuma s\u00fcresi":"5 dakika"},"schema":{"@context":"https:\/\/schema.org","@graph":[{"@type":"WebPage","@id":"https:\/\/bebeglee.com\/?page_id=176","url":"https:\/\/bebeglee.com\/?page_id=176","name":"Mesafeli Sat\u0131\u015f S\u00f6zle\u015fmesi - BEBEGLEE","isPartOf":{"@id":"https:\/\/bebeglee.com\/#website"},"datePublished":"2025-02-25T20:57:55+00:00","dateModified":"2025-02-25T20:57:56+00:00","breadcrumb":{"@id":"https:\/\/bebeglee.com\/?page_id=176#breadcrumb"},"inLanguage":"tr","potentialAction":[{"@type":"ReadAction","target":["https:\/\/bebeglee.com\/?page_id=176"]}]},{"@type":"BreadcrumbList","@id":"https:\/\/bebeglee.com\/?page_id=176#breadcrumb","itemListElement":[{"@type":"ListItem","position":1,"name":"Anasayfa","item":"https:\/\/bebeglee.com\/"},{"@type":"ListItem","position":2,"name":"Mesafeli Sat\u0131\u015f S\u00f6zle\u015fmesi"}]},{"@type":"WebSite","@id":"https:\/\/bebeglee.com\/#website","url":"https:\/\/bebeglee.com\/","name":"BEBEGLEE","description":"Miniklerin Mutlulu\u011fu \u0130\u00e7in...","publisher":{"@id":"https:\/\/bebeglee.com\/#organization"},"potentialAction":[{"@type":"SearchAction","target":{"@type":"EntryPoint","urlTemplate":"https:\/\/bebeglee.com\/?s={search_term_string}"},"query-input":{"@type":"PropertyValueSpecification","valueRequired":true,"valueName":"search_term_string"}}],"inLanguage":"tr"},{"@type":"Organization","@id":"https:\/\/bebeglee.com\/#organization","name":"BEBEGLEE","url":"https:\/\/bebeglee.com\/","logo":{"@type":"ImageObject","inLanguage":"tr","@id":"https:\/\/bebeglee.com\/#\/schema\/logo\/image\/","url":"https:\/\/bebeglee.com\/wp-content\/uploads\/2025\/11\/cropped-Adsiz-tasarim-2025-11-09T000159.593.png","contentUrl":"https:\/\/bebeglee.com\/wp-content\/uploads\/2025\/11\/cropped-Adsiz-tasarim-2025-11-09T000159.593.png","width":2158,"height":2097,"caption":"BEBEGLEE"},"image":{"@id":"https:\/\/bebeglee.com\/#\/schema\/logo\/image\/"},"sameAs":["https:\/\/www.trendyol.com\/magaza\/bebeglee-m-1111154?sst=0","https:\/\/www.hepsiburada.com\/magaza\/bebeglee","https:\/\/www.instagram.com\/bebe.glee\/"]}]}},"jetpack_sharing_enabled":true,"_links":{"self":[{"href":"https:\/\/bebeglee.com\/index.php?rest_route=\/wp\/v2\/pages\/176","targetHints":{"allow":["GET"]}}],"collection":[{"href":"https:\/\/bebeglee.com\/index.php?rest_route=\/wp\/v2\/pages"}],"about":[{"href":"https:\/\/bebeglee.com\/index.php?rest_route=\/wp\/v2\/types\/page"}],"author":[{"embeddable":true,"href":"https:\/\/bebeglee.com\/index.php?rest_route=\/wp\/v2\/users\/1"}],"replies":[{"embeddable":true,"href":"https:\/\/bebeglee.com\/index.php?rest_route=%2Fwp%2Fv2%2Fcomments&post=176"}],"version-history":[{"count":1,"href":"https:\/\/bebeglee.com\/index.php?rest_route=\/wp\/v2\/pages\/176\/revisions"}],"predecessor-version":[{"id":177,"href":"https:\/\/bebeglee.com\/index.php?rest_route=\/wp\/v2\/pages\/176\/revisions\/177"}],"wp:attachment":[{"href":"https:\/\/bebeglee.com\/index.php?rest_route=%2Fwp%2Fv2%2Fmedia&parent=176"}],"curies":[{"name":"wp","href":"https:\/\/api.w.org\/{rel}","templated":true}]}}